{"id":4219,"date":"2022-10-04T06:29:22","date_gmt":"2022-10-04T06:29:22","guid":{"rendered":"https:\/\/www.ecolecera.com\/producto\/ecolecera-wine\/"},"modified":"2024-01-12T10:56:36","modified_gmt":"2024-01-12T10:56:36","slug":"ecolecera-wine","status":"publish","type":"product","link":"https:\/\/www.ecolecera.com\/en\/producto\/ecolecera-wine\/","title":{"rendered":"Ecolecera Wine"},"content":{"rendered":"","protected":false},"excerpt":{"rendered":"<p><span>Organic red wine.<\/span><\/p>\n<p><span>He is the young man of the company. High alcohol content, color and fruity flavors are conditions of the wine that Ecolecera produces. In the production of this wine, Ecolecera Tempranillo IGP Bajo Arag\u00f3n, only Tempranillo grapes are used.<\/span><\/p>\n<p><a href=\"https:\/\/www.ecolecera.com\/fichas\/Tempranillo-Wine-Ecolecera.pdf\" target=\"_blank\" rel=\"noopener\"><strong>VIEW PRODUCT SHEET<\/strong><\/a><\/p>\n<p><a href=\"https:\/\/www.ecolecera.com\/fichas\/Tempranillo-Wine-Ecolecera.pdf\" target=\"_blank\" rel=\"noopener\"><strong>VIEW AWARDS<\/strong><\/a><\/p>\n<p class=\"titulo\"><em>Tempranillo 2015 Ecol\u00e9cera, best Spanish organic wine. The 2015 Ecol\u00e9cera Tempranillo has been named the best Spanish organic wine and fifteenth in the world. Specifically, the wine has won a gold medal at the International Organic Wine Award 2016, in its seventh edition.<\/em><\/p>\n<p><a href=\"https:\/\/comunica-t.net\/ecolecera\/formulario-tienda\/\"><span class=\"theme-header-font\" style=\"font-weight: bold;\"><\/span><\/a><strong><a href=\"https:\/\/ecolecera.com\/formulario-tienda\/\">BUY PRODUCT<\/a><\/strong><\/p>\n","protected":false},"featured_media":3966,"comment_status":"closed","ping_status":"closed","template":"","meta":{"om_disable_all_campaigns":false,"_monsterinsights_skip_tracking":false,"_monsterinsights_sitenote_active":false,"_monsterinsights_sitenote_note":"","_monsterinsights_sitenote_category":0},"product_brand":[],"product_cat":[86],"product_tag":[],"class_list":{"0":"post-4219","1":"product","2":"type-product","3":"status-publish","4":"has-post-thumbnail","6":"product_cat-wine","8":"first","9":"onbackorder","10":"shipping-taxable","11":"product-type-simple"},"aioseo_notices":[],"yoast_head":"<!-- This site is optimized with the Yoast SEO plugin v24.7 - https:\/\/yoast.com\/wordpress\/plugins\/seo\/ -->\n<title>Ecolecera Wine - Ecolecera<\/title>\n<meta name=\"robots\" content=\"index, follow, max-snippet:-1, max-image-preview:large, max-video-preview:-1\" \/>\n<link rel=\"canonical\" href=\"https:\/\/www.ecolecera.com\/en\/producto\/ecolecera-wine\/\" \/>\n<meta property=\"og:locale\" content=\"en_US\" \/>\n<meta property=\"og:type\" content=\"article\" \/>\n<meta property=\"og:title\" content=\"Ecolecera Wine - Ecolecera\" \/>\n<meta property=\"og:description\" content=\"Organic red wine.  He is the young man of the company. High alcohol content, color and fruity flavors are conditions of the wine that Ecolecera produces. In the production of this wine, Ecolecera Tempranillo IGP Bajo Arag\u00f3n, only Tempranillo grapes are used.  VIEW PRODUCT SHEET  VIEW AWARDS Tempranillo 2015 Ecol\u00e9cera, best Spanish organic wine. The 2015 Ecol\u00e9cera Tempranillo has been named the best Spanish organic wine and fifteenth in the world. Specifically, the wine has won a gold medal at the International Organic Wine Award 2016, in its seventh edition. BUY PRODUCT\" \/>\n<meta property=\"og:url\" content=\"https:\/\/www.ecolecera.com\/en\/producto\/ecolecera-wine\/\" \/>\n<meta property=\"og:site_name\" content=\"Ecolecera\" \/>\n<meta property=\"article:modified_time\" content=\"2024-01-12T10:56:36+00:00\" \/>\n<meta property=\"og:image\" content=\"https:\/\/www.ecolecera.com\/wp-content\/uploads\/2022\/09\/ecolecera.jpg\" \/>\n\t<meta property=\"og:image:width\" content=\"1200\" \/>\n\t<meta property=\"og:image:height\" content=\"1200\" \/>\n\t<meta property=\"og:image:type\" content=\"image\/jpeg\" \/>\n<script type=\"application\/ld+json\" class=\"yoast-schema-graph\">{\"@context\":\"https:\/\/schema.org\",\"@graph\":[{\"@type\":\"WebPage\",\"@id\":\"https:\/\/www.ecolecera.com\/en\/producto\/ecolecera-wine\/\",\"url\":\"https:\/\/www.ecolecera.com\/en\/producto\/ecolecera-wine\/\",\"name\":\"Ecolecera Wine - Ecolecera\",\"isPartOf\":{\"@id\":\"https:\/\/www.ecolecera.com\/en\/#website\"},\"primaryImageOfPage\":{\"@id\":\"https:\/\/www.ecolecera.com\/en\/producto\/ecolecera-wine\/#primaryimage\"},\"image\":{\"@id\":\"https:\/\/www.ecolecera.com\/en\/producto\/ecolecera-wine\/#primaryimage\"},\"thumbnailUrl\":\"https:\/\/www.ecolecera.com\/wp-content\/uploads\/2022\/09\/ecolecera.jpg\",\"datePublished\":\"2022-10-04T06:29:22+00:00\",\"dateModified\":\"2024-01-12T10:56:36+00:00\",\"breadcrumb\":{\"@id\":\"https:\/\/www.ecolecera.com\/en\/producto\/ecolecera-wine\/#breadcrumb\"},\"inLanguage\":\"en-US\",\"potentialAction\":[{\"@type\":\"ReadAction\",\"target\":[\"https:\/\/www.ecolecera.com\/en\/producto\/ecolecera-wine\/\"]}]},{\"@type\":\"ImageObject\",\"inLanguage\":\"en-US\",\"@id\":\"https:\/\/www.ecolecera.com\/en\/producto\/ecolecera-wine\/#primaryimage\",\"url\":\"https:\/\/www.ecolecera.com\/wp-content\/uploads\/2022\/09\/ecolecera.jpg\",\"contentUrl\":\"https:\/\/www.ecolecera.com\/wp-content\/uploads\/2022\/09\/ecolecera.jpg\",\"width\":1200,\"height\":1200,\"caption\":\"vino-tempranillo-wine-tinto-vio-joven-ecolecera-tempranillo-lecera-aragon-zaragoza\"},{\"@type\":\"BreadcrumbList\",\"@id\":\"https:\/\/www.ecolecera.com\/en\/producto\/ecolecera-wine\/#breadcrumb\",\"itemListElement\":[{\"@type\":\"ListItem\",\"position\":1,\"name\":\"Portada\",\"item\":\"https:\/\/www.ecolecera.com\/en\/home\/\"},{\"@type\":\"ListItem\",\"position\":2,\"name\":\"Store\",\"item\":\"https:\/\/www.ecolecera.com\/en\/?page_id=4114\"},{\"@type\":\"ListItem\",\"position\":3,\"name\":\"Ecolecera Wine\"}]},{\"@type\":\"WebSite\",\"@id\":\"https:\/\/www.ecolecera.com\/en\/#website\",\"url\":\"https:\/\/www.ecolecera.com\/en\/\",\"name\":\"Ecolecera\",\"description\":\"Agricultura ecol\u00f3gica\",\"potentialAction\":[{\"@type\":\"SearchAction\",\"target\":{\"@type\":\"EntryPoint\",\"urlTemplate\":\"https:\/\/www.ecolecera.com\/en\/?s={search_term_string}\"},\"query-input\":{\"@type\":\"PropertyValueSpecification\",\"valueRequired\":true,\"valueName\":\"search_term_string\"}}],\"inLanguage\":\"en-US\"}]}<\/script>\n<!-- \/ Yoast SEO plugin. -->","yoast_head_json":{"title":"Ecolecera Wine - Ecolecera","robots":{"index":"index","follow":"follow","max-snippet":"max-snippet:-1","max-image-preview":"max-image-preview:large","max-video-preview":"max-video-preview:-1"},"canonical":"https:\/\/www.ecolecera.com\/en\/producto\/ecolecera-wine\/","og_locale":"en_US","og_type":"article","og_title":"Ecolecera Wine - Ecolecera","og_description":"Organic red wine.  He is the young man of the company. High alcohol content, color and fruity flavors are conditions of the wine that Ecolecera produces. In the production of this wine, Ecolecera Tempranillo IGP Bajo Arag\u00f3n, only Tempranillo grapes are used.  VIEW PRODUCT SHEET  VIEW AWARDS Tempranillo 2015 Ecol\u00e9cera, best Spanish organic wine. The 2015 Ecol\u00e9cera Tempranillo has been named the best Spanish organic wine and fifteenth in the world. Specifically, the wine has won a gold medal at the International Organic Wine Award 2016, in its seventh edition. BUY PRODUCT","og_url":"https:\/\/www.ecolecera.com\/en\/producto\/ecolecera-wine\/","og_site_name":"Ecolecera","article_modified_time":"2024-01-12T10:56:36+00:00","og_image":[{"width":1200,"height":1200,"url":"https:\/\/www.ecolecera.com\/wp-content\/uploads\/2022\/09\/ecolecera.jpg","type":"image\/jpeg"}],"schema":{"@context":"https:\/\/schema.org","@graph":[{"@type":"WebPage","@id":"https:\/\/www.ecolecera.com\/en\/producto\/ecolecera-wine\/","url":"https:\/\/www.ecolecera.com\/en\/producto\/ecolecera-wine\/","name":"Ecolecera Wine - Ecolecera","isPartOf":{"@id":"https:\/\/www.ecolecera.com\/en\/#website"},"primaryImageOfPage":{"@id":"https:\/\/www.ecolecera.com\/en\/producto\/ecolecera-wine\/#primaryimage"},"image":{"@id":"https:\/\/www.ecolecera.com\/en\/producto\/ecolecera-wine\/#primaryimage"},"thumbnailUrl":"https:\/\/www.ecolecera.com\/wp-content\/uploads\/2022\/09\/ecolecera.jpg","datePublished":"2022-10-04T06:29:22+00:00","dateModified":"2024-01-12T10:56:36+00:00","breadcrumb":{"@id":"https:\/\/www.ecolecera.com\/en\/producto\/ecolecera-wine\/#breadcrumb"},"inLanguage":"en-US","potentialAction":[{"@type":"ReadAction","target":["https:\/\/www.ecolecera.com\/en\/producto\/ecolecera-wine\/"]}]},{"@type":"ImageObject","inLanguage":"en-US","@id":"https:\/\/www.ecolecera.com\/en\/producto\/ecolecera-wine\/#primaryimage","url":"https:\/\/www.ecolecera.com\/wp-content\/uploads\/2022\/09\/ecolecera.jpg","contentUrl":"https:\/\/www.ecolecera.com\/wp-content\/uploads\/2022\/09\/ecolecera.jpg","width":1200,"height":1200,"caption":"vino-tempranillo-wine-tinto-vio-joven-ecolecera-tempranillo-lecera-aragon-zaragoza"},{"@type":"BreadcrumbList","@id":"https:\/\/www.ecolecera.com\/en\/producto\/ecolecera-wine\/#breadcrumb","itemListElement":[{"@type":"ListItem","position":1,"name":"Portada","item":"https:\/\/www.ecolecera.com\/en\/home\/"},{"@type":"ListItem","position":2,"name":"Store","item":"https:\/\/www.ecolecera.com\/en\/?page_id=4114"},{"@type":"ListItem","position":3,"name":"Ecolecera Wine"}]},{"@type":"WebSite","@id":"https:\/\/www.ecolecera.com\/en\/#website","url":"https:\/\/www.ecolecera.com\/en\/","name":"Ecolecera","description":"Agricultura ecol\u00f3gica","potentialAction":[{"@type":"SearchAction","target":{"@type":"EntryPoint","urlTemplate":"https:\/\/www.ecolecera.com\/en\/?s={search_term_string}"},"query-input":{"@type":"PropertyValueSpecification","valueRequired":true,"valueName":"search_term_string"}}],"inLanguage":"en-US"}]}},"_links":{"self":[{"href":"https:\/\/www.ecolecera.com\/en\/wp-json\/wp\/v2\/product\/4219","targetHints":{"allow":["GET"]}}],"collection":[{"href":"https:\/\/www.ecolecera.com\/en\/wp-json\/wp\/v2\/product"}],"about":[{"href":"https:\/\/www.ecolecera.com\/en\/wp-json\/wp\/v2\/types\/product"}],"replies":[{"embeddable":true,"href":"https:\/\/www.ecolecera.com\/en\/wp-json\/wp\/v2\/comments?post=4219"}],"wp:featuredmedia":[{"embeddable":true,"href":"https:\/\/www.ecolecera.com\/en\/wp-json\/wp\/v2\/media\/3966"}],"wp:attachment":[{"href":"https:\/\/www.ecolecera.com\/en\/wp-json\/wp\/v2\/media?parent=4219"}],"wp:term":[{"taxonomy":"product_brand","embeddable":true,"href":"https:\/\/www.ecolecera.com\/en\/wp-json\/wp\/v2\/product_brand?post=4219"},{"taxonomy":"product_cat","embeddable":true,"href":"https:\/\/www.ecolecera.com\/en\/wp-json\/wp\/v2\/product_cat?post=4219"},{"taxonomy":"product_tag","embeddable":true,"href":"https:\/\/www.ecolecera.com\/en\/wp-json\/wp\/v2\/product_tag?post=4219"}],"curies":[{"name":"wp","href":"https:\/\/api.w.org\/{rel}","templated":true}]}}