{"id":4156,"date":"2022-10-04T07:33:07","date_gmt":"2022-10-04T07:33:07","guid":{"rendered":"https:\/\/www.ecolecera.com\/legal-notice\/"},"modified":"2024-01-03T12:42:03","modified_gmt":"2024-01-03T12:42:03","slug":"legal-notice","status":"publish","type":"page","link":"https:\/\/www.ecolecera.com\/en\/legal-notice\/","title":{"rendered":"Legal Notice"},"content":{"rendered":"\t\t<div data-elementor-type=\"wp-page\" data-elementor-id=\"4156\" class=\"elementor elementor-4156 elementor-3479\">\n\t\t\t\t\t\t<section class=\"elementor-section elementor-top-section elementor-element elementor-element-da03870 elementor-section-boxed elementor-section-height-default elementor-section-height-default\" data-id=\"da03870\" data-element_type=\"section\">\n\t\t\t\t\t\t<div class=\"elementor-container elementor-column-gap-default\">\n\t\t\t\t\t<div class=\"elementor-column elementor-col-100 elementor-top-column elementor-element elementor-element-d81ed37\" data-id=\"d81ed37\" data-element_type=\"column\">\n\t\t\t<div class=\"elementor-widget-wrap elementor-element-populated\">\n\t\t\t\t\t\t<div class=\"elementor-element elementor-element-5b18575 elementor-widget elementor-widget-text-editor\" data-id=\"5b18575\" data-element_type=\"widget\" data-widget_type=\"text-editor.default\">\n\t\t\t\t<div class=\"elementor-widget-container\">\n\t\t\t\t\t\t\t\t\t<p>This legal notice regulates the use of the Internet portal service.<span> <\/span><strong>www.ecolecera.com,<\/strong> which Ecol\u00e9cera Agricultura Ecol\u00f3gica S.L. makes available to Internet users. The aforementioned entity is domiciled in L\u00e9cera (Zaragoza), Calle Alta n\u00ba 44 and is provided with C.I.F. B-50971837 and is registered in the Commercial Registry of Zaragoza, Volume 2,951. Sect. 8.\u00aa Folio 69 Sheet Z-3.379 Book 0 Insc 1.\u00aa.<\/p>\n<p>The user agrees to use the portal and services in accordance with the law, this legal notice, generally accepted good customs and public order. The purpose of this website is to provide information to the user about the products offered by Ecol\u00e9cera Agricultura Ecol\u00e9cera. The user is not authorized to modify, copy, distribute, transmit, disclose, use, reproduce, publish, license, assign, sell or sell works derived from them without prior authorization.<\/p>\n<p>The installation of links that allow access to websites managed by third parties has the sole purpose of providing users with access to information, content and services available on the Internet. It is impossible for us to assume any responsibility for the information contained therein, however, we commit ourselves to remove links in case we become aware of the existence of illegal content or content that infringes the rights of third parties.<\/p>\n<p>The information contained in this website may contain typographical errors, inaccuracies and inaccuracies, which will be corrected as soon as they are detected, without this resulting in a liability.<br \/>major.<\/p>\n<p>Ecolecera Agricultura Ecol\u00f3gica is the owner of the intellectual property rights derived from the elements that make up its website or has the corresponding authorization for its use. In this portal we take great care of the intellectual property rights, therefore all photographs are property of the entity or have been granted with the express consent of the owner.<\/p>\n<p>This entity reserves the right to modify the terms, conditions and communications on which this website is based, always within the current legal framework.<\/p>\n<p>In general, the relationships arising from the provision of the services contained in the website are subject to Spanish legislation and jurisdiction.<\/p>\n\t\t\t\t\t\t\t\t<\/div>\n\t\t\t\t<\/div>\n\t\t\t\t\t<\/div>\n\t\t<\/div>\n\t\t\t\t\t<\/div>\n\t\t<\/section>\n\t\t\t\t<\/div>\n\t\t","protected":false},"excerpt":{"rendered":"<p>This legal notice regulates the use of the Internet portal service. www.ecolecera.com, which Ecol\u00e9cera Agricultura Ecol\u00f3gica S.L. makes available to Internet users. The aforementioned entity is domiciled in L\u00e9cera (Zaragoza), Calle Alta n\u00ba 44 and is provided with C.I.F. B-50971837 and is registered in the Commercial Registry of Zaragoza, Volume 2,951. Sect. 8.\u00aa Folio 69 [&hellip;]<\/p>\n","protected":false},"author":1,"featured_media":0,"parent":0,"menu_order":0,"comment_status":"closed","ping_status":"closed","template":"","meta":{"om_disable_all_campaigns":false,"_monsterinsights_skip_tracking":false,"_monsterinsights_sitenote_active":false,"_monsterinsights_sitenote_note":"","_monsterinsights_sitenote_category":0,"footnotes":""},"class_list":["post-4156","page","type-page","status-publish","hentry"],"aioseo_notices":[],"yoast_head":"<!-- This site is optimized with the Yoast SEO plugin v24.7 - https:\/\/yoast.com\/wordpress\/plugins\/seo\/ -->\n<title>Legal Notice - Ecolecera<\/title>\n<meta name=\"robots\" content=\"index, follow, max-snippet:-1, max-image-preview:large, max-video-preview:-1\" \/>\n<link rel=\"canonical\" href=\"https:\/\/www.ecolecera.com\/en\/legal-notice\/\" \/>\n<meta property=\"og:locale\" content=\"en_US\" \/>\n<meta property=\"og:type\" content=\"article\" \/>\n<meta property=\"og:title\" content=\"Legal Notice - Ecolecera\" \/>\n<meta property=\"og:description\" content=\"This legal notice regulates the use of the Internet portal service. www.ecolecera.com, which Ecol\u00e9cera Agricultura Ecol\u00f3gica S.L. makes available to Internet users. The aforementioned entity is domiciled in L\u00e9cera (Zaragoza), Calle Alta n\u00ba 44 and is provided with C.I.F. B-50971837 and is registered in the Commercial Registry of Zaragoza, Volume 2,951. Sect. 8.\u00aa Folio 69 [&hellip;]\" \/>\n<meta property=\"og:url\" content=\"https:\/\/www.ecolecera.com\/en\/legal-notice\/\" \/>\n<meta property=\"og:site_name\" content=\"Ecolecera\" \/>\n<meta property=\"article:modified_time\" content=\"2024-01-03T12:42:03+00:00\" \/>\n<script type=\"application\/ld+json\" class=\"yoast-schema-graph\">{\"@context\":\"https:\/\/schema.org\",\"@graph\":[{\"@type\":\"WebPage\",\"@id\":\"https:\/\/www.ecolecera.com\/en\/legal-notice\/\",\"url\":\"https:\/\/www.ecolecera.com\/en\/legal-notice\/\",\"name\":\"Legal Notice - Ecolecera\",\"isPartOf\":{\"@id\":\"https:\/\/www.ecolecera.com\/en\/#website\"},\"datePublished\":\"2022-10-04T07:33:07+00:00\",\"dateModified\":\"2024-01-03T12:42:03+00:00\",\"breadcrumb\":{\"@id\":\"https:\/\/www.ecolecera.com\/en\/legal-notice\/#breadcrumb\"},\"inLanguage\":\"en-US\",\"potentialAction\":[{\"@type\":\"ReadAction\",\"target\":[\"https:\/\/www.ecolecera.com\/en\/legal-notice\/\"]}]},{\"@type\":\"BreadcrumbList\",\"@id\":\"https:\/\/www.ecolecera.com\/en\/legal-notice\/#breadcrumb\",\"itemListElement\":[{\"@type\":\"ListItem\",\"position\":1,\"name\":\"Portada\",\"item\":\"https:\/\/www.ecolecera.com\/en\/home\/\"},{\"@type\":\"ListItem\",\"position\":2,\"name\":\"Legal Notice\"}]},{\"@type\":\"WebSite\",\"@id\":\"https:\/\/www.ecolecera.com\/en\/#website\",\"url\":\"https:\/\/www.ecolecera.com\/en\/\",\"name\":\"Ecolecera\",\"description\":\"Agricultura ecol\u00f3gica\",\"potentialAction\":[{\"@type\":\"SearchAction\",\"target\":{\"@type\":\"EntryPoint\",\"urlTemplate\":\"https:\/\/www.ecolecera.com\/en\/?s={search_term_string}\"},\"query-input\":{\"@type\":\"PropertyValueSpecification\",\"valueRequired\":true,\"valueName\":\"search_term_string\"}}],\"inLanguage\":\"en-US\"}]}<\/script>\n<!-- \/ Yoast SEO plugin. -->","yoast_head_json":{"title":"Legal Notice - Ecolecera","robots":{"index":"index","follow":"follow","max-snippet":"max-snippet:-1","max-image-preview":"max-image-preview:large","max-video-preview":"max-video-preview:-1"},"canonical":"https:\/\/www.ecolecera.com\/en\/legal-notice\/","og_locale":"en_US","og_type":"article","og_title":"Legal Notice - Ecolecera","og_description":"This legal notice regulates the use of the Internet portal service. www.ecolecera.com, which Ecol\u00e9cera Agricultura Ecol\u00f3gica S.L. makes available to Internet users. The aforementioned entity is domiciled in L\u00e9cera (Zaragoza), Calle Alta n\u00ba 44 and is provided with C.I.F. B-50971837 and is registered in the Commercial Registry of Zaragoza, Volume 2,951. Sect. 8.\u00aa Folio 69 [&hellip;]","og_url":"https:\/\/www.ecolecera.com\/en\/legal-notice\/","og_site_name":"Ecolecera","article_modified_time":"2024-01-03T12:42:03+00:00","schema":{"@context":"https:\/\/schema.org","@graph":[{"@type":"WebPage","@id":"https:\/\/www.ecolecera.com\/en\/legal-notice\/","url":"https:\/\/www.ecolecera.com\/en\/legal-notice\/","name":"Legal Notice - Ecolecera","isPartOf":{"@id":"https:\/\/www.ecolecera.com\/en\/#website"},"datePublished":"2022-10-04T07:33:07+00:00","dateModified":"2024-01-03T12:42:03+00:00","breadcrumb":{"@id":"https:\/\/www.ecolecera.com\/en\/legal-notice\/#breadcrumb"},"inLanguage":"en-US","potentialAction":[{"@type":"ReadAction","target":["https:\/\/www.ecolecera.com\/en\/legal-notice\/"]}]},{"@type":"BreadcrumbList","@id":"https:\/\/www.ecolecera.com\/en\/legal-notice\/#breadcrumb","itemListElement":[{"@type":"ListItem","position":1,"name":"Portada","item":"https:\/\/www.ecolecera.com\/en\/home\/"},{"@type":"ListItem","position":2,"name":"Legal Notice"}]},{"@type":"WebSite","@id":"https:\/\/www.ecolecera.com\/en\/#website","url":"https:\/\/www.ecolecera.com\/en\/","name":"Ecolecera","description":"Agricultura ecol\u00f3gica","potentialAction":[{"@type":"SearchAction","target":{"@type":"EntryPoint","urlTemplate":"https:\/\/www.ecolecera.com\/en\/?s={search_term_string}"},"query-input":{"@type":"PropertyValueSpecification","valueRequired":true,"valueName":"search_term_string"}}],"inLanguage":"en-US"}]}},"_links":{"self":[{"href":"https:\/\/www.ecolecera.com\/en\/wp-json\/wp\/v2\/pages\/4156","targetHints":{"allow":["GET"]}}],"collection":[{"href":"https:\/\/www.ecolecera.com\/en\/wp-json\/wp\/v2\/pages"}],"about":[{"href":"https:\/\/www.ecolecera.com\/en\/wp-json\/wp\/v2\/types\/page"}],"author":[{"embeddable":true,"href":"https:\/\/www.ecolecera.com\/en\/wp-json\/wp\/v2\/users\/1"}],"replies":[{"embeddable":true,"href":"https:\/\/www.ecolecera.com\/en\/wp-json\/wp\/v2\/comments?post=4156"}],"version-history":[{"count":1,"href":"https:\/\/www.ecolecera.com\/en\/wp-json\/wp\/v2\/pages\/4156\/revisions"}],"predecessor-version":[{"id":4160,"href":"https:\/\/www.ecolecera.com\/en\/wp-json\/wp\/v2\/pages\/4156\/revisions\/4160"}],"wp:attachment":[{"href":"https:\/\/www.ecolecera.com\/en\/wp-json\/wp\/v2\/media?parent=4156"}],"curies":[{"name":"wp","href":"https:\/\/api.w.org\/{rel}","templated":true}]}}