{"id":4255,"date":"2022-09-29T11:30:27","date_gmt":"2022-09-29T11:30:27","guid":{"rendered":"https:\/\/www.ecolecera.com\/producto\/vollkornmakkaroni\/"},"modified":"2022-09-29T11:30:27","modified_gmt":"2022-09-29T11:30:27","slug":"vollkornmakkaroni","status":"publish","type":"product","link":"https:\/\/www.ecolecera.com\/de\/producto\/vollkornmakkaroni\/","title":{"rendered":"Vollkornmakkaroni"},"content":{"rendered":"<p><span>Bei der Herstellung von Vollkornnudeln denken die Menschen, dass Vollkorn verwendet wird. Fehler. So etwas wie Vollkorn gibt es nicht. Der Unterschied besteht darin, dass  <\/span><strong>Vollkornnudeln werden aus Hartweizengrie\u00df und Kleie hergestellt, wei\u00dfe Nudeln, wie oben beschrieben, nur aus Hartweizengrie\u00df.<\/strong><span>und wei\u00dfe Nudeln, wie oben beschrieben, nur aus Hartweizengrie\u00df. <\/span><strong>Sie enthalten auch keine Eier oder Milch.<\/strong><\/p>\n","protected":false},"excerpt":{"rendered":"<p><span>Bei der Herstellung von Vollkornnudeln denken die Menschen, dass Vollkorn verwendet wird. Fehler. So etwas wie Vollkorn gibt es nicht. Der Unterschied besteht darin, dass  <\/span><strong>Vollkornnudeln werden aus Hartweizengrie\u00df und Kleie hergestellt, wei\u00dfe Nudeln, wie oben beschrieben, nur aus Hartweizengrie\u00df.<\/strong><span>und wei\u00dfe Nudeln, wie oben beschrieben, nur aus Hartweizengrie\u00df. <\/span><strong>Sie enthalten auch kein Ei und keine Milch.<\/strong><\/p>\n<p><a href=\"https:\/\/ecolecera.com\/formulario-tienda\/\"><span class=\"theme-header-font\" style=\"font-weight: bold;\"><strong>PRODUKT KAUFEN<\/strong><\/span><\/a><\/p>\n","protected":false},"featured_media":3390,"comment_status":"closed","ping_status":"closed","template":"","meta":{"om_disable_all_campaigns":false,"_monsterinsights_skip_tracking":false,"_monsterinsights_sitenote_active":false,"_monsterinsights_sitenote_note":"","_monsterinsights_sitenote_category":0},"product_brand":[],"product_cat":[84],"product_tag":[],"class_list":{"0":"post-4255","1":"product","2":"type-product","3":"status-publish","4":"has-post-thumbnail","6":"product_cat-pasta-de","8":"first","9":"onbackorder","10":"shipping-taxable","11":"product-type-simple"},"aioseo_notices":[],"yoast_head":"<!-- This site is optimized with the Yoast SEO plugin v24.7 - https:\/\/yoast.com\/wordpress\/plugins\/seo\/ -->\n<title>Vollkornmakkaroni - Ecolecera<\/title>\n<meta name=\"robots\" content=\"index, follow, max-snippet:-1, max-image-preview:large, max-video-preview:-1\" \/>\n<link rel=\"canonical\" href=\"https:\/\/www.ecolecera.com\/de\/producto\/vollkornmakkaroni\/\" \/>\n<meta property=\"og:locale\" content=\"de_DE\" \/>\n<meta property=\"og:type\" content=\"article\" \/>\n<meta property=\"og:title\" content=\"Vollkornmakkaroni - Ecolecera\" \/>\n<meta property=\"og:description\" content=\"Bei der Herstellung von Vollkornnudeln denken die Menschen, dass Vollkorn verwendet wird. Fehler. So etwas wie Vollkorn gibt es nicht. Der Unterschied besteht darin, dass Vollkornnudeln werden aus Hartweizengrie\u00df und Kleie hergestellt, wei\u00dfe Nudeln, wie oben beschrieben, nur aus Hartweizengrie\u00df.und wei\u00dfe Nudeln, wie oben beschrieben, nur aus Hartweizengrie\u00df. Sie enthalten auch kein Ei und keine Milch. PRODUKT KAUFEN\" \/>\n<meta property=\"og:url\" content=\"https:\/\/www.ecolecera.com\/de\/producto\/vollkornmakkaroni\/\" \/>\n<meta property=\"og:site_name\" content=\"Ecolecera\" \/>\n<script type=\"application\/ld+json\" class=\"yoast-schema-graph\">{\"@context\":\"https:\/\/schema.org\",\"@graph\":[{\"@type\":\"WebPage\",\"@id\":\"https:\/\/www.ecolecera.com\/de\/producto\/vollkornmakkaroni\/\",\"url\":\"https:\/\/www.ecolecera.com\/de\/producto\/vollkornmakkaroni\/\",\"name\":\"Vollkornmakkaroni - Ecolecera\",\"isPartOf\":{\"@id\":\"https:\/\/www.ecolecera.com\/de\/#website\"},\"primaryImageOfPage\":{\"@id\":\"https:\/\/www.ecolecera.com\/de\/producto\/vollkornmakkaroni\/#primaryimage\"},\"image\":{\"@id\":\"https:\/\/www.ecolecera.com\/de\/producto\/vollkornmakkaroni\/#primaryimage\"},\"thumbnailUrl\":\"https:\/\/www.ecolecera.com\/wp-content\/uploads\/2022\/09\/macarrones-integrales.jpg\",\"datePublished\":\"2022-09-29T11:30:27+00:00\",\"breadcrumb\":{\"@id\":\"https:\/\/www.ecolecera.com\/de\/producto\/vollkornmakkaroni\/#breadcrumb\"},\"inLanguage\":\"de\",\"potentialAction\":[{\"@type\":\"ReadAction\",\"target\":[\"https:\/\/www.ecolecera.com\/de\/producto\/vollkornmakkaroni\/\"]}]},{\"@type\":\"ImageObject\",\"inLanguage\":\"de\",\"@id\":\"https:\/\/www.ecolecera.com\/de\/producto\/vollkornmakkaroni\/#primaryimage\",\"url\":\"https:\/\/www.ecolecera.com\/wp-content\/uploads\/2022\/09\/macarrones-integrales.jpg\",\"contentUrl\":\"https:\/\/www.ecolecera.com\/wp-content\/uploads\/2022\/09\/macarrones-integrales.jpg\",\"width\":1200,\"height\":1200,\"caption\":\"macarrones-integrales-ecolecera-agricultura-ecologica-comprar-\"},{\"@type\":\"BreadcrumbList\",\"@id\":\"https:\/\/www.ecolecera.com\/de\/producto\/vollkornmakkaroni\/#breadcrumb\",\"itemListElement\":[{\"@type\":\"ListItem\",\"position\":1,\"name\":\"Portada\",\"item\":\"https:\/\/www.ecolecera.com\/de\/startseite\/\"},{\"@type\":\"ListItem\",\"position\":2,\"name\":\"Shop\",\"item\":\"https:\/\/www.ecolecera.com\/de\/?page_id=4111\"},{\"@type\":\"ListItem\",\"position\":3,\"name\":\"Vollkornmakkaroni\"}]},{\"@type\":\"WebSite\",\"@id\":\"https:\/\/www.ecolecera.com\/de\/#website\",\"url\":\"https:\/\/www.ecolecera.com\/de\/\",\"name\":\"Ecolecera\",\"description\":\"Agricultura ecol\u00f3gica\",\"potentialAction\":[{\"@type\":\"SearchAction\",\"target\":{\"@type\":\"EntryPoint\",\"urlTemplate\":\"https:\/\/www.ecolecera.com\/de\/?s={search_term_string}\"},\"query-input\":{\"@type\":\"PropertyValueSpecification\",\"valueRequired\":true,\"valueName\":\"search_term_string\"}}],\"inLanguage\":\"de\"}]}<\/script>\n<!-- \/ Yoast SEO plugin. -->","yoast_head_json":{"title":"Vollkornmakkaroni - Ecolecera","robots":{"index":"index","follow":"follow","max-snippet":"max-snippet:-1","max-image-preview":"max-image-preview:large","max-video-preview":"max-video-preview:-1"},"canonical":"https:\/\/www.ecolecera.com\/de\/producto\/vollkornmakkaroni\/","og_locale":"de_DE","og_type":"article","og_title":"Vollkornmakkaroni - Ecolecera","og_description":"Bei der Herstellung von Vollkornnudeln denken die Menschen, dass Vollkorn verwendet wird. Fehler. So etwas wie Vollkorn gibt es nicht. Der Unterschied besteht darin, dass Vollkornnudeln werden aus Hartweizengrie\u00df und Kleie hergestellt, wei\u00dfe Nudeln, wie oben beschrieben, nur aus Hartweizengrie\u00df.und wei\u00dfe Nudeln, wie oben beschrieben, nur aus Hartweizengrie\u00df. Sie enthalten auch kein Ei und keine Milch. PRODUKT KAUFEN","og_url":"https:\/\/www.ecolecera.com\/de\/producto\/vollkornmakkaroni\/","og_site_name":"Ecolecera","schema":{"@context":"https:\/\/schema.org","@graph":[{"@type":"WebPage","@id":"https:\/\/www.ecolecera.com\/de\/producto\/vollkornmakkaroni\/","url":"https:\/\/www.ecolecera.com\/de\/producto\/vollkornmakkaroni\/","name":"Vollkornmakkaroni - Ecolecera","isPartOf":{"@id":"https:\/\/www.ecolecera.com\/de\/#website"},"primaryImageOfPage":{"@id":"https:\/\/www.ecolecera.com\/de\/producto\/vollkornmakkaroni\/#primaryimage"},"image":{"@id":"https:\/\/www.ecolecera.com\/de\/producto\/vollkornmakkaroni\/#primaryimage"},"thumbnailUrl":"https:\/\/www.ecolecera.com\/wp-content\/uploads\/2022\/09\/macarrones-integrales.jpg","datePublished":"2022-09-29T11:30:27+00:00","breadcrumb":{"@id":"https:\/\/www.ecolecera.com\/de\/producto\/vollkornmakkaroni\/#breadcrumb"},"inLanguage":"de","potentialAction":[{"@type":"ReadAction","target":["https:\/\/www.ecolecera.com\/de\/producto\/vollkornmakkaroni\/"]}]},{"@type":"ImageObject","inLanguage":"de","@id":"https:\/\/www.ecolecera.com\/de\/producto\/vollkornmakkaroni\/#primaryimage","url":"https:\/\/www.ecolecera.com\/wp-content\/uploads\/2022\/09\/macarrones-integrales.jpg","contentUrl":"https:\/\/www.ecolecera.com\/wp-content\/uploads\/2022\/09\/macarrones-integrales.jpg","width":1200,"height":1200,"caption":"macarrones-integrales-ecolecera-agricultura-ecologica-comprar-"},{"@type":"BreadcrumbList","@id":"https:\/\/www.ecolecera.com\/de\/producto\/vollkornmakkaroni\/#breadcrumb","itemListElement":[{"@type":"ListItem","position":1,"name":"Portada","item":"https:\/\/www.ecolecera.com\/de\/startseite\/"},{"@type":"ListItem","position":2,"name":"Shop","item":"https:\/\/www.ecolecera.com\/de\/?page_id=4111"},{"@type":"ListItem","position":3,"name":"Vollkornmakkaroni"}]},{"@type":"WebSite","@id":"https:\/\/www.ecolecera.com\/de\/#website","url":"https:\/\/www.ecolecera.com\/de\/","name":"Ecolecera","description":"Agricultura ecol\u00f3gica","potentialAction":[{"@type":"SearchAction","target":{"@type":"EntryPoint","urlTemplate":"https:\/\/www.ecolecera.com\/de\/?s={search_term_string}"},"query-input":{"@type":"PropertyValueSpecification","valueRequired":true,"valueName":"search_term_string"}}],"inLanguage":"de"}]}},"_links":{"self":[{"href":"https:\/\/www.ecolecera.com\/de\/wp-json\/wp\/v2\/product\/4255","targetHints":{"allow":["GET"]}}],"collection":[{"href":"https:\/\/www.ecolecera.com\/de\/wp-json\/wp\/v2\/product"}],"about":[{"href":"https:\/\/www.ecolecera.com\/de\/wp-json\/wp\/v2\/types\/product"}],"replies":[{"embeddable":true,"href":"https:\/\/www.ecolecera.com\/de\/wp-json\/wp\/v2\/comments?post=4255"}],"wp:featuredmedia":[{"embeddable":true,"href":"https:\/\/www.ecolecera.com\/de\/wp-json\/wp\/v2\/media\/3390"}],"wp:attachment":[{"href":"https:\/\/www.ecolecera.com\/de\/wp-json\/wp\/v2\/media?parent=4255"}],"wp:term":[{"taxonomy":"product_brand","embeddable":true,"href":"https:\/\/www.ecolecera.com\/de\/wp-json\/wp\/v2\/product_brand?post=4255"},{"taxonomy":"product_cat","embeddable":true,"href":"https:\/\/www.ecolecera.com\/de\/wp-json\/wp\/v2\/product_cat?post=4255"},{"taxonomy":"product_tag","embeddable":true,"href":"https:\/\/www.ecolecera.com\/de\/wp-json\/wp\/v2\/product_tag?post=4255"}],"curies":[{"name":"wp","href":"https:\/\/api.w.org\/{rel}","templated":true}]}}