{"id":4221,"date":"2022-10-04T06:30:20","date_gmt":"2022-10-04T06:30:20","guid":{"rendered":"https:\/\/www.ecolecera.com\/producto\/sardonnillo-wein\/"},"modified":"2024-01-12T11:00:54","modified_gmt":"2024-01-12T11:00:54","slug":"sardonnillo-wein","status":"publish","type":"product","link":"https:\/\/www.ecolecera.com\/de\/producto\/sardonnillo-wein\/","title":{"rendered":"Sardonnillo Wein"},"content":{"rendered":"","protected":false},"excerpt":{"rendered":"<p>&#8211; Biowein des Jahres aus Aragonien<\/p>\n<p>&#8211; F\u00fcr die Herstellung des Sardonillo Ecol\u00f3gico IGP Bajo Arag\u00f3n werden ausschlie\u00dflich Tempranillo-Trauben verwendet.<\/p>\n<p>&#8211; Es ist ein Wein mit eigener Pers\u00f6nlichkeit, der Sie einl\u00e4dt, die Reinheit unseres Landes zu genie\u00dfen.<\/p>\n<p>&#8211; Sein Aroma und sein Geschmack durchdringen unsere Sinne, wecken Erinnerungen und Emotionen.<\/p>\n<p><a href=\"https:\/\/www.ecolecera.com\/fichas\/Sardonillo-Wine-Ecolecera.pdf\" target=\"_blank\" rel=\"noopener\"><strong>SIEHE PRODUKTBLATT<\/strong><\/a><\/p>\n<p><a href=\"https:\/\/www.ecolecera.com\/fichas\/Sardonillo-Wine-Ecolecera.pdf\" target=\"_blank\" rel=\"noopener\"><strong>AUSZEICHNUNGEN SEHEN<\/strong><\/a><\/p>\n<p><span>EIN WEIN MIT EIGENER PERS\u00d6NLICHKEIT, DER UNS EINL\u00c4DT, DIE REINHEIT UNSERES LANDES ZU GENIESSEN, DESSEN AROMA UND GESCHMACK UNSERE SINNE DURCHDRINGEN, ERINNERUNGEN WECKEN UND EMOTIONEN HERVORRUFEN.<\/span><\/p>\n<p><a href=\"https:\/\/ecolecera.com\/formulario-tienda\/\"><span class=\"theme-header-font\" style=\"font-weight: bold;\"><strong>PRODUKT KAUFEN<\/strong><\/span><\/a><\/p>\n","protected":false},"featured_media":4007,"comment_status":"closed","ping_status":"closed","template":"","meta":{"om_disable_all_campaigns":false,"_monsterinsights_skip_tracking":false,"_monsterinsights_sitenote_active":false,"_monsterinsights_sitenote_note":"","_monsterinsights_sitenote_category":0},"product_brand":[],"product_cat":[85],"product_tag":[],"class_list":{"0":"post-4221","1":"product","2":"type-product","3":"status-publish","4":"has-post-thumbnail","6":"product_cat-wein","8":"first","9":"onbackorder","10":"shipping-taxable","11":"product-type-simple"},"aioseo_notices":[],"yoast_head":"<!-- This site is optimized with the Yoast SEO plugin v24.7 - https:\/\/yoast.com\/wordpress\/plugins\/seo\/ -->\n<title>Sardonnillo Wein - Ecolecera<\/title>\n<meta name=\"robots\" content=\"index, follow, max-snippet:-1, max-image-preview:large, max-video-preview:-1\" \/>\n<link rel=\"canonical\" href=\"https:\/\/www.ecolecera.com\/de\/producto\/sardonnillo-wein\/\" \/>\n<meta property=\"og:locale\" content=\"de_DE\" \/>\n<meta property=\"og:type\" content=\"article\" \/>\n<meta property=\"og:title\" content=\"Sardonnillo Wein - Ecolecera\" \/>\n<meta property=\"og:description\" content=\"- Biowein des Jahres aus Aragonien  - F\u00fcr die Herstellung des Sardonillo Ecol\u00f3gico IGP Bajo Arag\u00f3n werden ausschlie\u00dflich Tempranillo-Trauben verwendet.  - Es ist ein Wein mit eigener Pers\u00f6nlichkeit, der Sie einl\u00e4dt, die Reinheit unseres Landes zu genie\u00dfen.  - Sein Aroma und sein Geschmack durchdringen unsere Sinne, wecken Erinnerungen und Emotionen.  SIEHE PRODUKTBLATT  AUSZEICHNUNGEN SEHEN  EIN WEIN MIT EIGENER PERS\u00d6NLICHKEIT, DER UNS EINL\u00c4DT, DIE REINHEIT UNSERES LANDES ZU GENIESSEN, DESSEN AROMA UND GESCHMACK UNSERE SINNE DURCHDRINGEN, ERINNERUNGEN WECKEN UND EMOTIONEN HERVORRUFEN.  PRODUKT KAUFEN\" \/>\n<meta property=\"og:url\" content=\"https:\/\/www.ecolecera.com\/de\/producto\/sardonnillo-wein\/\" \/>\n<meta property=\"og:site_name\" content=\"Ecolecera\" \/>\n<meta property=\"article:modified_time\" content=\"2024-01-12T11:00:54+00:00\" \/>\n<meta property=\"og:image\" content=\"https:\/\/www.ecolecera.com\/wp-content\/uploads\/2022\/09\/sardonillo.jpg\" \/>\n\t<meta property=\"og:image:width\" content=\"1200\" \/>\n\t<meta property=\"og:image:height\" content=\"1200\" \/>\n\t<meta property=\"og:image:type\" content=\"image\/jpeg\" \/>\n<script type=\"application\/ld+json\" class=\"yoast-schema-graph\">{\"@context\":\"https:\/\/schema.org\",\"@graph\":[{\"@type\":\"WebPage\",\"@id\":\"https:\/\/www.ecolecera.com\/de\/producto\/sardonnillo-wein\/\",\"url\":\"https:\/\/www.ecolecera.com\/de\/producto\/sardonnillo-wein\/\",\"name\":\"Sardonnillo Wein - Ecolecera\",\"isPartOf\":{\"@id\":\"https:\/\/www.ecolecera.com\/de\/#website\"},\"primaryImageOfPage\":{\"@id\":\"https:\/\/www.ecolecera.com\/de\/producto\/sardonnillo-wein\/#primaryimage\"},\"image\":{\"@id\":\"https:\/\/www.ecolecera.com\/de\/producto\/sardonnillo-wein\/#primaryimage\"},\"thumbnailUrl\":\"https:\/\/www.ecolecera.com\/wp-content\/uploads\/2022\/09\/sardonillo.jpg\",\"datePublished\":\"2022-10-04T06:30:20+00:00\",\"dateModified\":\"2024-01-12T11:00:54+00:00\",\"breadcrumb\":{\"@id\":\"https:\/\/www.ecolecera.com\/de\/producto\/sardonnillo-wein\/#breadcrumb\"},\"inLanguage\":\"de\",\"potentialAction\":[{\"@type\":\"ReadAction\",\"target\":[\"https:\/\/www.ecolecera.com\/de\/producto\/sardonnillo-wein\/\"]}]},{\"@type\":\"ImageObject\",\"inLanguage\":\"de\",\"@id\":\"https:\/\/www.ecolecera.com\/de\/producto\/sardonnillo-wein\/#primaryimage\",\"url\":\"https:\/\/www.ecolecera.com\/wp-content\/uploads\/2022\/09\/sardonillo.jpg\",\"contentUrl\":\"https:\/\/www.ecolecera.com\/wp-content\/uploads\/2022\/09\/sardonillo.jpg\",\"width\":1200,\"height\":1200,\"caption\":\"sardonillo-organischer-wein-wein-junger-wein-ecolecera-kaufen-aragon\"},{\"@type\":\"BreadcrumbList\",\"@id\":\"https:\/\/www.ecolecera.com\/de\/producto\/sardonnillo-wein\/#breadcrumb\",\"itemListElement\":[{\"@type\":\"ListItem\",\"position\":1,\"name\":\"Portada\",\"item\":\"https:\/\/www.ecolecera.com\/de\/startseite\/\"},{\"@type\":\"ListItem\",\"position\":2,\"name\":\"Shop\",\"item\":\"https:\/\/www.ecolecera.com\/de\/?page_id=4111\"},{\"@type\":\"ListItem\",\"position\":3,\"name\":\"Sardonnillo Wein\"}]},{\"@type\":\"WebSite\",\"@id\":\"https:\/\/www.ecolecera.com\/de\/#website\",\"url\":\"https:\/\/www.ecolecera.com\/de\/\",\"name\":\"Ecolecera\",\"description\":\"Agricultura ecol\u00f3gica\",\"potentialAction\":[{\"@type\":\"SearchAction\",\"target\":{\"@type\":\"EntryPoint\",\"urlTemplate\":\"https:\/\/www.ecolecera.com\/de\/?s={search_term_string}\"},\"query-input\":{\"@type\":\"PropertyValueSpecification\",\"valueRequired\":true,\"valueName\":\"search_term_string\"}}],\"inLanguage\":\"de\"}]}<\/script>\n<!-- \/ Yoast SEO plugin. -->","yoast_head_json":{"title":"Sardonnillo Wein - Ecolecera","robots":{"index":"index","follow":"follow","max-snippet":"max-snippet:-1","max-image-preview":"max-image-preview:large","max-video-preview":"max-video-preview:-1"},"canonical":"https:\/\/www.ecolecera.com\/de\/producto\/sardonnillo-wein\/","og_locale":"de_DE","og_type":"article","og_title":"Sardonnillo Wein - Ecolecera","og_description":"- Biowein des Jahres aus Aragonien  - F\u00fcr die Herstellung des Sardonillo Ecol\u00f3gico IGP Bajo Arag\u00f3n werden ausschlie\u00dflich Tempranillo-Trauben verwendet.  - Es ist ein Wein mit eigener Pers\u00f6nlichkeit, der Sie einl\u00e4dt, die Reinheit unseres Landes zu genie\u00dfen.  - Sein Aroma und sein Geschmack durchdringen unsere Sinne, wecken Erinnerungen und Emotionen.  SIEHE PRODUKTBLATT  AUSZEICHNUNGEN SEHEN  EIN WEIN MIT EIGENER PERS\u00d6NLICHKEIT, DER UNS EINL\u00c4DT, DIE REINHEIT UNSERES LANDES ZU GENIESSEN, DESSEN AROMA UND GESCHMACK UNSERE SINNE DURCHDRINGEN, ERINNERUNGEN WECKEN UND EMOTIONEN HERVORRUFEN.  PRODUKT KAUFEN","og_url":"https:\/\/www.ecolecera.com\/de\/producto\/sardonnillo-wein\/","og_site_name":"Ecolecera","article_modified_time":"2024-01-12T11:00:54+00:00","og_image":[{"width":1200,"height":1200,"url":"https:\/\/www.ecolecera.com\/wp-content\/uploads\/2022\/09\/sardonillo.jpg","type":"image\/jpeg"}],"schema":{"@context":"https:\/\/schema.org","@graph":[{"@type":"WebPage","@id":"https:\/\/www.ecolecera.com\/de\/producto\/sardonnillo-wein\/","url":"https:\/\/www.ecolecera.com\/de\/producto\/sardonnillo-wein\/","name":"Sardonnillo Wein - Ecolecera","isPartOf":{"@id":"https:\/\/www.ecolecera.com\/de\/#website"},"primaryImageOfPage":{"@id":"https:\/\/www.ecolecera.com\/de\/producto\/sardonnillo-wein\/#primaryimage"},"image":{"@id":"https:\/\/www.ecolecera.com\/de\/producto\/sardonnillo-wein\/#primaryimage"},"thumbnailUrl":"https:\/\/www.ecolecera.com\/wp-content\/uploads\/2022\/09\/sardonillo.jpg","datePublished":"2022-10-04T06:30:20+00:00","dateModified":"2024-01-12T11:00:54+00:00","breadcrumb":{"@id":"https:\/\/www.ecolecera.com\/de\/producto\/sardonnillo-wein\/#breadcrumb"},"inLanguage":"de","potentialAction":[{"@type":"ReadAction","target":["https:\/\/www.ecolecera.com\/de\/producto\/sardonnillo-wein\/"]}]},{"@type":"ImageObject","inLanguage":"de","@id":"https:\/\/www.ecolecera.com\/de\/producto\/sardonnillo-wein\/#primaryimage","url":"https:\/\/www.ecolecera.com\/wp-content\/uploads\/2022\/09\/sardonillo.jpg","contentUrl":"https:\/\/www.ecolecera.com\/wp-content\/uploads\/2022\/09\/sardonillo.jpg","width":1200,"height":1200,"caption":"sardonillo-organischer-wein-wein-junger-wein-ecolecera-kaufen-aragon"},{"@type":"BreadcrumbList","@id":"https:\/\/www.ecolecera.com\/de\/producto\/sardonnillo-wein\/#breadcrumb","itemListElement":[{"@type":"ListItem","position":1,"name":"Portada","item":"https:\/\/www.ecolecera.com\/de\/startseite\/"},{"@type":"ListItem","position":2,"name":"Shop","item":"https:\/\/www.ecolecera.com\/de\/?page_id=4111"},{"@type":"ListItem","position":3,"name":"Sardonnillo Wein"}]},{"@type":"WebSite","@id":"https:\/\/www.ecolecera.com\/de\/#website","url":"https:\/\/www.ecolecera.com\/de\/","name":"Ecolecera","description":"Agricultura ecol\u00f3gica","potentialAction":[{"@type":"SearchAction","target":{"@type":"EntryPoint","urlTemplate":"https:\/\/www.ecolecera.com\/de\/?s={search_term_string}"},"query-input":{"@type":"PropertyValueSpecification","valueRequired":true,"valueName":"search_term_string"}}],"inLanguage":"de"}]}},"_links":{"self":[{"href":"https:\/\/www.ecolecera.com\/de\/wp-json\/wp\/v2\/product\/4221","targetHints":{"allow":["GET"]}}],"collection":[{"href":"https:\/\/www.ecolecera.com\/de\/wp-json\/wp\/v2\/product"}],"about":[{"href":"https:\/\/www.ecolecera.com\/de\/wp-json\/wp\/v2\/types\/product"}],"replies":[{"embeddable":true,"href":"https:\/\/www.ecolecera.com\/de\/wp-json\/wp\/v2\/comments?post=4221"}],"wp:featuredmedia":[{"embeddable":true,"href":"https:\/\/www.ecolecera.com\/de\/wp-json\/wp\/v2\/media\/4007"}],"wp:attachment":[{"href":"https:\/\/www.ecolecera.com\/de\/wp-json\/wp\/v2\/media?parent=4221"}],"wp:term":[{"taxonomy":"product_brand","embeddable":true,"href":"https:\/\/www.ecolecera.com\/de\/wp-json\/wp\/v2\/product_brand?post=4221"},{"taxonomy":"product_cat","embeddable":true,"href":"https:\/\/www.ecolecera.com\/de\/wp-json\/wp\/v2\/product_cat?post=4221"},{"taxonomy":"product_tag","embeddable":true,"href":"https:\/\/www.ecolecera.com\/de\/wp-json\/wp\/v2\/product_tag?post=4221"}],"curies":[{"name":"wp","href":"https:\/\/api.w.org\/{rel}","templated":true}]}}