{"id":4218,"date":"2022-10-04T06:29:22","date_gmt":"2022-10-04T06:29:22","guid":{"rendered":"https:\/\/www.ecolecera.com\/producto\/ecolecera-wein\/"},"modified":"2024-01-12T11:02:01","modified_gmt":"2024-01-12T11:02:01","slug":"ecolecera-wein","status":"publish","type":"product","link":"https:\/\/www.ecolecera.com\/de\/producto\/ecolecera-wein\/","title":{"rendered":"Ecolecera Wein"},"content":{"rendered":"","protected":false},"excerpt":{"rendered":"<p><span>Bio-Rotwein.<\/span><\/p>\n<p><span>Er ist der junge Mann des Unternehmens. Hoher Alkoholgehalt, Farbe und fruchtige Aromen sind die Voraussetzungen f\u00fcr den Wein, den Ecolecera produziert. F\u00fcr die Herstellung dieses Weins, Ecolecera Tempranillo IGP Bajo Arag\u00f3n, werden ausschlie\u00dflich Tempranillo-Trauben verwendet.<\/span><\/p>\n<p><a href=\"https:\/\/www.ecolecera.com\/fichas\/Tempranillo-Wine-Ecolecera.pdf\" target=\"_blank\" rel=\"noopener\"><strong>SIEHE PRODUKTBLATT<\/strong><\/a><\/p>\n<p><a href=\"https:\/\/www.ecolecera.com\/fichas\/Tempranillo-Wine-Ecolecera.pdf\" target=\"_blank\" rel=\"noopener\"><strong>AUSZEICHNUNGEN SEHEN<\/strong><\/a><\/p>\n<p class=\"titulo\"><em>Tempranillo 2015 Ecol\u00e9cera, bester spanischer Biowein. Der Tempranillo 2015 Ecol\u00e9cera wurde zum besten spanischen Biowein und zum f\u00fcnfzehnten der Welt gek\u00fcrt. So hat der Wein bei der siebten Auflage des Internationalen Bioweinpreises 2016 eine Goldmedaille gewonnen.<\/em><\/p>\n<p><a href=\"https:\/\/comunica-t.net\/ecolecera\/formulario-tienda\/\"><span class=\"theme-header-font\" style=\"font-weight: bold;\"><\/span><\/a><strong><a href=\"https:\/\/ecolecera.com\/formulario-tienda\/\">PRODUKT KAUFEN<\/a><\/strong><\/p>\n","protected":false},"featured_media":3967,"comment_status":"closed","ping_status":"closed","template":"","meta":{"om_disable_all_campaigns":false,"_monsterinsights_skip_tracking":false,"_monsterinsights_sitenote_active":false,"_monsterinsights_sitenote_note":"","_monsterinsights_sitenote_category":0},"product_brand":[],"product_cat":[85],"product_tag":[],"class_list":{"0":"post-4218","1":"product","2":"type-product","3":"status-publish","4":"has-post-thumbnail","6":"product_cat-wein","8":"first","9":"onbackorder","10":"shipping-taxable","11":"product-type-simple"},"aioseo_notices":[],"yoast_head":"<!-- This site is optimized with the Yoast SEO plugin v24.7 - https:\/\/yoast.com\/wordpress\/plugins\/seo\/ -->\n<title>Ecolecera Wein - Ecolecera<\/title>\n<meta name=\"robots\" content=\"index, follow, max-snippet:-1, max-image-preview:large, max-video-preview:-1\" \/>\n<link rel=\"canonical\" href=\"https:\/\/www.ecolecera.com\/de\/producto\/ecolecera-wein\/\" \/>\n<meta property=\"og:locale\" content=\"de_DE\" \/>\n<meta property=\"og:type\" content=\"article\" \/>\n<meta property=\"og:title\" content=\"Ecolecera Wein - Ecolecera\" \/>\n<meta property=\"og:description\" content=\"Bio-Rotwein.  Er ist der junge Mann des Unternehmens. Hoher Alkoholgehalt, Farbe und fruchtige Aromen sind die Voraussetzungen f\u00fcr den Wein, den Ecolecera produziert. F\u00fcr die Herstellung dieses Weins, Ecolecera Tempranillo IGP Bajo Arag\u00f3n, werden ausschlie\u00dflich Tempranillo-Trauben verwendet.  SIEHE PRODUKTBLATT  AUSZEICHNUNGEN SEHEN Tempranillo 2015 Ecol\u00e9cera, bester spanischer Biowein. Der Tempranillo 2015 Ecol\u00e9cera wurde zum besten spanischen Biowein und zum f\u00fcnfzehnten der Welt gek\u00fcrt. So hat der Wein bei der siebten Auflage des Internationalen Bioweinpreises 2016 eine Goldmedaille gewonnen. PRODUKT KAUFEN\" \/>\n<meta property=\"og:url\" content=\"https:\/\/www.ecolecera.com\/de\/producto\/ecolecera-wein\/\" \/>\n<meta property=\"og:site_name\" content=\"Ecolecera\" \/>\n<meta property=\"article:modified_time\" content=\"2024-01-12T11:02:01+00:00\" \/>\n<meta property=\"og:image\" content=\"https:\/\/www.ecolecera.com\/wp-content\/uploads\/2022\/09\/ecolecera.jpg\" \/>\n\t<meta property=\"og:image:width\" content=\"1200\" \/>\n\t<meta property=\"og:image:height\" content=\"1200\" \/>\n\t<meta property=\"og:image:type\" content=\"image\/jpeg\" \/>\n<script type=\"application\/ld+json\" class=\"yoast-schema-graph\">{\"@context\":\"https:\/\/schema.org\",\"@graph\":[{\"@type\":\"WebPage\",\"@id\":\"https:\/\/www.ecolecera.com\/de\/producto\/ecolecera-wein\/\",\"url\":\"https:\/\/www.ecolecera.com\/de\/producto\/ecolecera-wein\/\",\"name\":\"Ecolecera Wein - Ecolecera\",\"isPartOf\":{\"@id\":\"https:\/\/www.ecolecera.com\/de\/#website\"},\"primaryImageOfPage\":{\"@id\":\"https:\/\/www.ecolecera.com\/de\/producto\/ecolecera-wein\/#primaryimage\"},\"image\":{\"@id\":\"https:\/\/www.ecolecera.com\/de\/producto\/ecolecera-wein\/#primaryimage\"},\"thumbnailUrl\":\"https:\/\/www.ecolecera.com\/wp-content\/uploads\/2022\/09\/ecolecera.jpg\",\"datePublished\":\"2022-10-04T06:29:22+00:00\",\"dateModified\":\"2024-01-12T11:02:01+00:00\",\"breadcrumb\":{\"@id\":\"https:\/\/www.ecolecera.com\/de\/producto\/ecolecera-wein\/#breadcrumb\"},\"inLanguage\":\"de\",\"potentialAction\":[{\"@type\":\"ReadAction\",\"target\":[\"https:\/\/www.ecolecera.com\/de\/producto\/ecolecera-wein\/\"]}]},{\"@type\":\"ImageObject\",\"inLanguage\":\"de\",\"@id\":\"https:\/\/www.ecolecera.com\/de\/producto\/ecolecera-wein\/#primaryimage\",\"url\":\"https:\/\/www.ecolecera.com\/wp-content\/uploads\/2022\/09\/ecolecera.jpg\",\"contentUrl\":\"https:\/\/www.ecolecera.com\/wp-content\/uploads\/2022\/09\/ecolecera.jpg\",\"width\":1200,\"height\":1200,\"caption\":\"wein-tempranillo-wein-tinto-vio-joven-ecolecera-tempranillo-lecera-aragon-zaragoza\"},{\"@type\":\"BreadcrumbList\",\"@id\":\"https:\/\/www.ecolecera.com\/de\/producto\/ecolecera-wein\/#breadcrumb\",\"itemListElement\":[{\"@type\":\"ListItem\",\"position\":1,\"name\":\"Portada\",\"item\":\"https:\/\/www.ecolecera.com\/de\/startseite\/\"},{\"@type\":\"ListItem\",\"position\":2,\"name\":\"Shop\",\"item\":\"https:\/\/www.ecolecera.com\/de\/?page_id=4111\"},{\"@type\":\"ListItem\",\"position\":3,\"name\":\"Ecolecera Wein\"}]},{\"@type\":\"WebSite\",\"@id\":\"https:\/\/www.ecolecera.com\/de\/#website\",\"url\":\"https:\/\/www.ecolecera.com\/de\/\",\"name\":\"Ecolecera\",\"description\":\"Agricultura ecol\u00f3gica\",\"potentialAction\":[{\"@type\":\"SearchAction\",\"target\":{\"@type\":\"EntryPoint\",\"urlTemplate\":\"https:\/\/www.ecolecera.com\/de\/?s={search_term_string}\"},\"query-input\":{\"@type\":\"PropertyValueSpecification\",\"valueRequired\":true,\"valueName\":\"search_term_string\"}}],\"inLanguage\":\"de\"}]}<\/script>\n<!-- \/ Yoast SEO plugin. -->","yoast_head_json":{"title":"Ecolecera Wein - Ecolecera","robots":{"index":"index","follow":"follow","max-snippet":"max-snippet:-1","max-image-preview":"max-image-preview:large","max-video-preview":"max-video-preview:-1"},"canonical":"https:\/\/www.ecolecera.com\/de\/producto\/ecolecera-wein\/","og_locale":"de_DE","og_type":"article","og_title":"Ecolecera Wein - Ecolecera","og_description":"Bio-Rotwein.  Er ist der junge Mann des Unternehmens. Hoher Alkoholgehalt, Farbe und fruchtige Aromen sind die Voraussetzungen f\u00fcr den Wein, den Ecolecera produziert. F\u00fcr die Herstellung dieses Weins, Ecolecera Tempranillo IGP Bajo Arag\u00f3n, werden ausschlie\u00dflich Tempranillo-Trauben verwendet.  SIEHE PRODUKTBLATT  AUSZEICHNUNGEN SEHEN Tempranillo 2015 Ecol\u00e9cera, bester spanischer Biowein. Der Tempranillo 2015 Ecol\u00e9cera wurde zum besten spanischen Biowein und zum f\u00fcnfzehnten der Welt gek\u00fcrt. So hat der Wein bei der siebten Auflage des Internationalen Bioweinpreises 2016 eine Goldmedaille gewonnen. PRODUKT KAUFEN","og_url":"https:\/\/www.ecolecera.com\/de\/producto\/ecolecera-wein\/","og_site_name":"Ecolecera","article_modified_time":"2024-01-12T11:02:01+00:00","og_image":[{"width":1200,"height":1200,"url":"https:\/\/www.ecolecera.com\/wp-content\/uploads\/2022\/09\/ecolecera.jpg","type":"image\/jpeg"}],"schema":{"@context":"https:\/\/schema.org","@graph":[{"@type":"WebPage","@id":"https:\/\/www.ecolecera.com\/de\/producto\/ecolecera-wein\/","url":"https:\/\/www.ecolecera.com\/de\/producto\/ecolecera-wein\/","name":"Ecolecera Wein - Ecolecera","isPartOf":{"@id":"https:\/\/www.ecolecera.com\/de\/#website"},"primaryImageOfPage":{"@id":"https:\/\/www.ecolecera.com\/de\/producto\/ecolecera-wein\/#primaryimage"},"image":{"@id":"https:\/\/www.ecolecera.com\/de\/producto\/ecolecera-wein\/#primaryimage"},"thumbnailUrl":"https:\/\/www.ecolecera.com\/wp-content\/uploads\/2022\/09\/ecolecera.jpg","datePublished":"2022-10-04T06:29:22+00:00","dateModified":"2024-01-12T11:02:01+00:00","breadcrumb":{"@id":"https:\/\/www.ecolecera.com\/de\/producto\/ecolecera-wein\/#breadcrumb"},"inLanguage":"de","potentialAction":[{"@type":"ReadAction","target":["https:\/\/www.ecolecera.com\/de\/producto\/ecolecera-wein\/"]}]},{"@type":"ImageObject","inLanguage":"de","@id":"https:\/\/www.ecolecera.com\/de\/producto\/ecolecera-wein\/#primaryimage","url":"https:\/\/www.ecolecera.com\/wp-content\/uploads\/2022\/09\/ecolecera.jpg","contentUrl":"https:\/\/www.ecolecera.com\/wp-content\/uploads\/2022\/09\/ecolecera.jpg","width":1200,"height":1200,"caption":"wein-tempranillo-wein-tinto-vio-joven-ecolecera-tempranillo-lecera-aragon-zaragoza"},{"@type":"BreadcrumbList","@id":"https:\/\/www.ecolecera.com\/de\/producto\/ecolecera-wein\/#breadcrumb","itemListElement":[{"@type":"ListItem","position":1,"name":"Portada","item":"https:\/\/www.ecolecera.com\/de\/startseite\/"},{"@type":"ListItem","position":2,"name":"Shop","item":"https:\/\/www.ecolecera.com\/de\/?page_id=4111"},{"@type":"ListItem","position":3,"name":"Ecolecera Wein"}]},{"@type":"WebSite","@id":"https:\/\/www.ecolecera.com\/de\/#website","url":"https:\/\/www.ecolecera.com\/de\/","name":"Ecolecera","description":"Agricultura ecol\u00f3gica","potentialAction":[{"@type":"SearchAction","target":{"@type":"EntryPoint","urlTemplate":"https:\/\/www.ecolecera.com\/de\/?s={search_term_string}"},"query-input":{"@type":"PropertyValueSpecification","valueRequired":true,"valueName":"search_term_string"}}],"inLanguage":"de"}]}},"_links":{"self":[{"href":"https:\/\/www.ecolecera.com\/de\/wp-json\/wp\/v2\/product\/4218","targetHints":{"allow":["GET"]}}],"collection":[{"href":"https:\/\/www.ecolecera.com\/de\/wp-json\/wp\/v2\/product"}],"about":[{"href":"https:\/\/www.ecolecera.com\/de\/wp-json\/wp\/v2\/types\/product"}],"replies":[{"embeddable":true,"href":"https:\/\/www.ecolecera.com\/de\/wp-json\/wp\/v2\/comments?post=4218"}],"wp:featuredmedia":[{"embeddable":true,"href":"https:\/\/www.ecolecera.com\/de\/wp-json\/wp\/v2\/media\/3967"}],"wp:attachment":[{"href":"https:\/\/www.ecolecera.com\/de\/wp-json\/wp\/v2\/media?parent=4218"}],"wp:term":[{"taxonomy":"product_brand","embeddable":true,"href":"https:\/\/www.ecolecera.com\/de\/wp-json\/wp\/v2\/product_brand?post=4218"},{"taxonomy":"product_cat","embeddable":true,"href":"https:\/\/www.ecolecera.com\/de\/wp-json\/wp\/v2\/product_cat?post=4218"},{"taxonomy":"product_tag","embeddable":true,"href":"https:\/\/www.ecolecera.com\/de\/wp-json\/wp\/v2\/product_tag?post=4218"}],"curies":[{"name":"wp","href":"https:\/\/api.w.org\/{rel}","templated":true}]}}