{"id":4212,"date":"2022-09-29T11:32:34","date_gmt":"2022-09-29T11:32:34","guid":{"rendered":"https:\/\/www.ecolecera.com\/producto\/weisse-nudel\/"},"modified":"2022-09-29T11:32:34","modified_gmt":"2022-09-29T11:32:34","slug":"weisse-nudel","status":"publish","type":"product","link":"https:\/\/www.ecolecera.com\/de\/producto\/weisse-nudel\/","title":{"rendered":"wei\u00dfe Nudel"},"content":{"rendered":"<p><span>Nudeln der Marke Ecolecera werden hergestellt aus <\/span><strong>hergestellt mit<\/strong><span> <\/span><b>Hartweizengrie\u00df von h\u00f6chster Qualit\u00e4t mit hohem Eiwei\u00dfwert.<\/b><span>mit einem hohen Eiwei\u00dfwert, der ihn zu einer hochwertigen Pasta macht <\/span><strong>Nudeln von h\u00f6chster Qualit\u00e4t<\/strong><span>. Der Weizen wird auf den eigenen H\u00f6fen der Mitglieder angebaut.  <\/span><b>Es enth\u00e4lt weder Ei noch Milch<\/b><span>Es enth\u00e4lt keinen anderen Stoff als Hartweizengrie\u00df.<\/span><\/p>\n","protected":false},"excerpt":{"rendered":"<p><span>Nudeln der Marke Ecolecera werden hergestellt aus <\/span><strong>hergestellt mit<\/strong><span> <\/span><b>Hartweizengrie\u00df von h\u00f6chster Qualit\u00e4t mit hohem Eiwei\u00dfwert.<\/b><span>mit einem hohen Eiwei\u00dfwert, der ihn zu einer hochwertigen Pasta macht <\/span><strong>Nudeln von h\u00f6chster Qualit\u00e4t<\/strong><span>. Der Weizen wird auf den eigenen H\u00f6fen der Mitglieder angebaut.  <\/span><b>Es enth\u00e4lt weder Ei noch Milch<\/b><span>Es enth\u00e4lt keinen anderen Stoff als Hartweizengrie\u00df.<\/span><\/p>\n<p><a href=\"https:\/\/ecolecera.com\/formulario-tienda\/\"><span class=\"theme-header-font\" style=\"font-weight: bold;\"><strong>PRODUKT KAUFEN<\/strong><\/span><\/a><\/p>\n","protected":false},"featured_media":3975,"comment_status":"closed","ping_status":"closed","template":"","meta":{"om_disable_all_campaigns":false,"_monsterinsights_skip_tracking":false,"_monsterinsights_sitenote_active":false,"_monsterinsights_sitenote_note":"","_monsterinsights_sitenote_category":0},"product_brand":[],"product_cat":[84],"product_tag":[],"class_list":{"0":"post-4212","1":"product","2":"type-product","3":"status-publish","4":"has-post-thumbnail","6":"product_cat-pasta-de","8":"first","9":"onbackorder","10":"shipping-taxable","11":"product-type-simple"},"aioseo_notices":[],"yoast_head":"<!-- This site is optimized with the Yoast SEO plugin v24.7 - https:\/\/yoast.com\/wordpress\/plugins\/seo\/ -->\n<title>wei\u00dfe Nudel - Ecolecera<\/title>\n<meta name=\"robots\" content=\"index, follow, max-snippet:-1, max-image-preview:large, max-video-preview:-1\" \/>\n<link rel=\"canonical\" href=\"https:\/\/www.ecolecera.com\/de\/producto\/weisse-nudel\/\" \/>\n<meta property=\"og:locale\" content=\"de_DE\" \/>\n<meta property=\"og:type\" content=\"article\" \/>\n<meta property=\"og:title\" content=\"wei\u00dfe Nudel - Ecolecera\" \/>\n<meta property=\"og:description\" content=\"Nudeln der Marke Ecolecera werden hergestellt aus hergestellt mit Hartweizengrie\u00df von h\u00f6chster Qualit\u00e4t mit hohem Eiwei\u00dfwert.mit einem hohen Eiwei\u00dfwert, der ihn zu einer hochwertigen Pasta macht Nudeln von h\u00f6chster Qualit\u00e4t. Der Weizen wird auf den eigenen H\u00f6fen der Mitglieder angebaut. Es enth\u00e4lt weder Ei noch MilchEs enth\u00e4lt keinen anderen Stoff als Hartweizengrie\u00df. PRODUKT KAUFEN\" \/>\n<meta property=\"og:url\" content=\"https:\/\/www.ecolecera.com\/de\/producto\/weisse-nudel\/\" \/>\n<meta property=\"og:site_name\" content=\"Ecolecera\" \/>\n<script type=\"application\/ld+json\" class=\"yoast-schema-graph\">{\"@context\":\"https:\/\/schema.org\",\"@graph\":[{\"@type\":\"WebPage\",\"@id\":\"https:\/\/www.ecolecera.com\/de\/producto\/weisse-nudel\/\",\"url\":\"https:\/\/www.ecolecera.com\/de\/producto\/weisse-nudel\/\",\"name\":\"wei\u00dfe Nudel - Ecolecera\",\"isPartOf\":{\"@id\":\"https:\/\/www.ecolecera.com\/de\/#website\"},\"primaryImageOfPage\":{\"@id\":\"https:\/\/www.ecolecera.com\/de\/producto\/weisse-nudel\/#primaryimage\"},\"image\":{\"@id\":\"https:\/\/www.ecolecera.com\/de\/producto\/weisse-nudel\/#primaryimage\"},\"thumbnailUrl\":\"https:\/\/www.ecolecera.com\/wp-content\/uploads\/2022\/09\/fdieo-normal.jpg\",\"datePublished\":\"2022-09-29T11:32:34+00:00\",\"breadcrumb\":{\"@id\":\"https:\/\/www.ecolecera.com\/de\/producto\/weisse-nudel\/#breadcrumb\"},\"inLanguage\":\"de\",\"potentialAction\":[{\"@type\":\"ReadAction\",\"target\":[\"https:\/\/www.ecolecera.com\/de\/producto\/weisse-nudel\/\"]}]},{\"@type\":\"ImageObject\",\"inLanguage\":\"de\",\"@id\":\"https:\/\/www.ecolecera.com\/de\/producto\/weisse-nudel\/#primaryimage\",\"url\":\"https:\/\/www.ecolecera.com\/wp-content\/uploads\/2022\/09\/fdieo-normal.jpg\",\"contentUrl\":\"https:\/\/www.ecolecera.com\/wp-content\/uploads\/2022\/09\/fdieo-normal.jpg\",\"width\":1200,\"height\":1200,\"caption\":\"Nudeln-Rezepte-\u00f6kologische-\u00d6ko-Produkte-Lecera-Lecera-Aragon\"},{\"@type\":\"BreadcrumbList\",\"@id\":\"https:\/\/www.ecolecera.com\/de\/producto\/weisse-nudel\/#breadcrumb\",\"itemListElement\":[{\"@type\":\"ListItem\",\"position\":1,\"name\":\"Portada\",\"item\":\"https:\/\/www.ecolecera.com\/de\/startseite\/\"},{\"@type\":\"ListItem\",\"position\":2,\"name\":\"Shop\",\"item\":\"https:\/\/www.ecolecera.com\/de\/?page_id=4111\"},{\"@type\":\"ListItem\",\"position\":3,\"name\":\"wei\u00dfe Nudel\"}]},{\"@type\":\"WebSite\",\"@id\":\"https:\/\/www.ecolecera.com\/de\/#website\",\"url\":\"https:\/\/www.ecolecera.com\/de\/\",\"name\":\"Ecolecera\",\"description\":\"Agricultura ecol\u00f3gica\",\"potentialAction\":[{\"@type\":\"SearchAction\",\"target\":{\"@type\":\"EntryPoint\",\"urlTemplate\":\"https:\/\/www.ecolecera.com\/de\/?s={search_term_string}\"},\"query-input\":{\"@type\":\"PropertyValueSpecification\",\"valueRequired\":true,\"valueName\":\"search_term_string\"}}],\"inLanguage\":\"de\"}]}<\/script>\n<!-- \/ Yoast SEO plugin. -->","yoast_head_json":{"title":"wei\u00dfe Nudel - Ecolecera","robots":{"index":"index","follow":"follow","max-snippet":"max-snippet:-1","max-image-preview":"max-image-preview:large","max-video-preview":"max-video-preview:-1"},"canonical":"https:\/\/www.ecolecera.com\/de\/producto\/weisse-nudel\/","og_locale":"de_DE","og_type":"article","og_title":"wei\u00dfe Nudel - Ecolecera","og_description":"Nudeln der Marke Ecolecera werden hergestellt aus hergestellt mit Hartweizengrie\u00df von h\u00f6chster Qualit\u00e4t mit hohem Eiwei\u00dfwert.mit einem hohen Eiwei\u00dfwert, der ihn zu einer hochwertigen Pasta macht Nudeln von h\u00f6chster Qualit\u00e4t. Der Weizen wird auf den eigenen H\u00f6fen der Mitglieder angebaut. Es enth\u00e4lt weder Ei noch MilchEs enth\u00e4lt keinen anderen Stoff als Hartweizengrie\u00df. PRODUKT KAUFEN","og_url":"https:\/\/www.ecolecera.com\/de\/producto\/weisse-nudel\/","og_site_name":"Ecolecera","schema":{"@context":"https:\/\/schema.org","@graph":[{"@type":"WebPage","@id":"https:\/\/www.ecolecera.com\/de\/producto\/weisse-nudel\/","url":"https:\/\/www.ecolecera.com\/de\/producto\/weisse-nudel\/","name":"wei\u00dfe Nudel - Ecolecera","isPartOf":{"@id":"https:\/\/www.ecolecera.com\/de\/#website"},"primaryImageOfPage":{"@id":"https:\/\/www.ecolecera.com\/de\/producto\/weisse-nudel\/#primaryimage"},"image":{"@id":"https:\/\/www.ecolecera.com\/de\/producto\/weisse-nudel\/#primaryimage"},"thumbnailUrl":"https:\/\/www.ecolecera.com\/wp-content\/uploads\/2022\/09\/fdieo-normal.jpg","datePublished":"2022-09-29T11:32:34+00:00","breadcrumb":{"@id":"https:\/\/www.ecolecera.com\/de\/producto\/weisse-nudel\/#breadcrumb"},"inLanguage":"de","potentialAction":[{"@type":"ReadAction","target":["https:\/\/www.ecolecera.com\/de\/producto\/weisse-nudel\/"]}]},{"@type":"ImageObject","inLanguage":"de","@id":"https:\/\/www.ecolecera.com\/de\/producto\/weisse-nudel\/#primaryimage","url":"https:\/\/www.ecolecera.com\/wp-content\/uploads\/2022\/09\/fdieo-normal.jpg","contentUrl":"https:\/\/www.ecolecera.com\/wp-content\/uploads\/2022\/09\/fdieo-normal.jpg","width":1200,"height":1200,"caption":"Nudeln-Rezepte-\u00f6kologische-\u00d6ko-Produkte-Lecera-Lecera-Aragon"},{"@type":"BreadcrumbList","@id":"https:\/\/www.ecolecera.com\/de\/producto\/weisse-nudel\/#breadcrumb","itemListElement":[{"@type":"ListItem","position":1,"name":"Portada","item":"https:\/\/www.ecolecera.com\/de\/startseite\/"},{"@type":"ListItem","position":2,"name":"Shop","item":"https:\/\/www.ecolecera.com\/de\/?page_id=4111"},{"@type":"ListItem","position":3,"name":"wei\u00dfe Nudel"}]},{"@type":"WebSite","@id":"https:\/\/www.ecolecera.com\/de\/#website","url":"https:\/\/www.ecolecera.com\/de\/","name":"Ecolecera","description":"Agricultura ecol\u00f3gica","potentialAction":[{"@type":"SearchAction","target":{"@type":"EntryPoint","urlTemplate":"https:\/\/www.ecolecera.com\/de\/?s={search_term_string}"},"query-input":{"@type":"PropertyValueSpecification","valueRequired":true,"valueName":"search_term_string"}}],"inLanguage":"de"}]}},"_links":{"self":[{"href":"https:\/\/www.ecolecera.com\/de\/wp-json\/wp\/v2\/product\/4212","targetHints":{"allow":["GET"]}}],"collection":[{"href":"https:\/\/www.ecolecera.com\/de\/wp-json\/wp\/v2\/product"}],"about":[{"href":"https:\/\/www.ecolecera.com\/de\/wp-json\/wp\/v2\/types\/product"}],"replies":[{"embeddable":true,"href":"https:\/\/www.ecolecera.com\/de\/wp-json\/wp\/v2\/comments?post=4212"}],"wp:featuredmedia":[{"embeddable":true,"href":"https:\/\/www.ecolecera.com\/de\/wp-json\/wp\/v2\/media\/3975"}],"wp:attachment":[{"href":"https:\/\/www.ecolecera.com\/de\/wp-json\/wp\/v2\/media?parent=4212"}],"wp:term":[{"taxonomy":"product_brand","embeddable":true,"href":"https:\/\/www.ecolecera.com\/de\/wp-json\/wp\/v2\/product_brand?post=4212"},{"taxonomy":"product_cat","embeddable":true,"href":"https:\/\/www.ecolecera.com\/de\/wp-json\/wp\/v2\/product_cat?post=4212"},{"taxonomy":"product_tag","embeddable":true,"href":"https:\/\/www.ecolecera.com\/de\/wp-json\/wp\/v2\/product_tag?post=4212"}],"curies":[{"name":"wp","href":"https:\/\/api.w.org\/{rel}","templated":true}]}}