{"id":4162,"date":"2022-10-26T05:19:19","date_gmt":"2022-10-26T05:19:19","guid":{"rendered":"https:\/\/www.ecolecera.com\/shop-form\/"},"modified":"2024-01-12T11:15:50","modified_gmt":"2024-01-12T11:15:50","slug":"shop-form","status":"publish","type":"page","link":"https:\/\/www.ecolecera.com\/de\/shop-form\/","title":{"rendered":"SHOP FORM"},"content":{"rendered":"\t\t<div data-elementor-type=\"wp-page\" data-elementor-id=\"4162\" class=\"elementor elementor-4162 elementor-3597\">\n\t\t\t\t\t\t<section class=\"elementor-section elementor-top-section elementor-element elementor-element-5bc3e12 elementor-section-boxed elementor-section-height-default elementor-section-height-default\" data-id=\"5bc3e12\" data-element_type=\"section\" data-e-type=\"section\">\n\t\t\t\t\t\t<div class=\"elementor-container elementor-column-gap-default\">\n\t\t\t\t\t<div class=\"elementor-column elementor-col-50 elementor-top-column elementor-element elementor-element-bd8358f\" data-id=\"bd8358f\" data-element_type=\"column\" data-e-type=\"column\">\n\t\t\t<div class=\"elementor-widget-wrap elementor-element-populated\">\n\t\t\t\t\t\t<div class=\"elementor-element elementor-element-ae416b5 aleft elementor-widget elementor-widget-wgl-contact-form-7\" data-id=\"ae416b5\" data-element_type=\"widget\" data-e-type=\"widget\" data-widget_type=\"wgl-contact-form-7.default\">\n\t\t\t\t<div class=\"elementor-widget-container\">\n\t\t\t\t\t<div class=\"wgl-contact-form-7\">\n<div class=\"wpcf7 no-js\" id=\"wpcf7-f4283-o1\" lang=\"de-DE\" dir=\"ltr\" data-wpcf7-id=\"4283\">\n<div class=\"screen-reader-response\"><p role=\"status\" aria-live=\"polite\" aria-atomic=\"true\"><\/p> <ul><\/ul><\/div>\n<form action=\"\/de\/wp-json\/wp\/v2\/pages\/4162#wpcf7-f4283-o1\" method=\"post\" class=\"wpcf7-form init\" aria-label=\"Kontaktformular\" novalidate=\"novalidate\" data-status=\"init\">\n<fieldset class=\"hidden-fields-container\"><input type=\"hidden\" name=\"_wpcf7\" value=\"4283\" \/><input type=\"hidden\" name=\"_wpcf7_version\" value=\"6.1.5\" \/><input type=\"hidden\" name=\"_wpcf7_locale\" value=\"de_DE\" \/><input type=\"hidden\" name=\"_wpcf7_unit_tag\" value=\"wpcf7-f4283-o1\" \/><input type=\"hidden\" name=\"_wpcf7_container_post\" value=\"0\" \/><input type=\"hidden\" name=\"_wpcf7_posted_data_hash\" value=\"\" \/><input type=\"hidden\" name=\"_wpcf7cf_hidden_group_fields\" value=\"[]\" \/><input type=\"hidden\" name=\"_wpcf7cf_hidden_groups\" value=\"[]\" \/><input type=\"hidden\" name=\"_wpcf7cf_visible_groups\" value=\"[]\" \/><input type=\"hidden\" name=\"_wpcf7cf_repeaters\" value=\"[]\" \/><input type=\"hidden\" name=\"_wpcf7cf_steps\" value=\"{}\" \/><input type=\"hidden\" name=\"_wpcf7cf_options\" value=\"{&quot;form_id&quot;:4283,&quot;conditions&quot;:[],&quot;settings&quot;:{&quot;animation&quot;:&quot;yes&quot;,&quot;animation_intime&quot;:200,&quot;animation_outtime&quot;:200,&quot;conditions_ui&quot;:&quot;normal&quot;,&quot;notice_dismissed&quot;:false,&quot;notice_dismissed_rollback-cf7-5.8.5&quot;:true,&quot;notice_dismissed_update-cf7-6.0&quot;:true}}\" \/><input type=\"hidden\" name=\"_wpcf7_recaptcha_response\" value=\"\" \/>\n<\/fieldset>\n<p>Ich interessiere mich f\u00fcr das Produkt:\n<\/p>\n<p><span class=\"wpcf7-form-control-wrap submission_id-616\"><input class=\"wpcf7-form-control wpcf7-submission_id_hidden wpcf7-validates-as-number\" readonly=\"readonly\" aria-invalid=\"false\" value=\"100\" name=\"submission_id-616\" type=\"hidden\" \/><\/span>\n<\/p>\n<p>GETREIDE <span class=\"wpcf7-form-control-wrap\" data-name=\"CEREALES\"><span class=\"wpcf7-form-control wpcf7-checkbox wpcf7-validates-as-required\"><span class=\"wpcf7-list-item first\"><label><input type=\"checkbox\" name=\"CEREALES[]\" value=\"Keine\" \/><span class=\"wpcf7-list-item-label\">Keine<\/span><\/label><\/span><span class=\"wpcf7-list-item\"><label><input type=\"checkbox\" name=\"CEREALES[]\" value=\"Wei\u00dfer Reis, 500-Gramm-Beutel.\" \/><span class=\"wpcf7-list-item-label\">Wei\u00dfer Reis, 500-Gramm-Beutel.<\/span><\/label><\/span><span class=\"wpcf7-list-item\"><label><input type=\"checkbox\" name=\"CEREALES[]\" value=\"Wei\u00dfer Reisbeutel 10 kg\" \/><span class=\"wpcf7-list-item-label\">Wei\u00dfer Reisbeutel 10 kg<\/span><\/label><\/span><span class=\"wpcf7-list-item\"><label><input type=\"checkbox\" name=\"CEREALES[]\" value=\"Wei\u00dfer Reisbeutel 25 kg.\" \/><span class=\"wpcf7-list-item-label\">Wei\u00dfer Reisbeutel 25 kg.<\/span><\/label><\/span><span class=\"wpcf7-list-item\"><label><input type=\"checkbox\" name=\"CEREALES[]\" value=\"Voller brauner Reis, 500-Gramm-Beutel\" \/><span class=\"wpcf7-list-item-label\">Voller brauner Reis, 500-Gramm-Beutel<\/span><\/label><\/span><span class=\"wpcf7-list-item\"><label><input type=\"checkbox\" name=\"CEREALES[]\" value=\"Ganzer brauner Reis, 10-kg-Beutel\" \/><span class=\"wpcf7-list-item-label\">Ganzer brauner Reis, 10-kg-Beutel<\/span><\/label><\/span><span class=\"wpcf7-list-item last\"><label><input type=\"checkbox\" name=\"CEREALES[]\" value=\"Brauner Reis Sack 25 kg.\" \/><span class=\"wpcf7-list-item-label\">Brauner Reis Sack 25 kg.<\/span><\/label><\/span><\/span><\/span>\n<\/p>\n<p>H\u00dcLSENFR\u00dcCHTE <span class=\"wpcf7-form-control-wrap\" data-name=\"LEGUMBRES\"><span class=\"wpcf7-form-control wpcf7-checkbox wpcf7-validates-as-required\"><span class=\"wpcf7-list-item first\"><label><input type=\"checkbox\" name=\"LEGUMBRES[]\" value=\"Keine\" \/><span class=\"wpcf7-list-item-label\">Keine<\/span><\/label><\/span><span class=\"wpcf7-list-item\"><label><input type=\"checkbox\" name=\"LEGUMBRES[]\" value=\"Linsen-Pardina-Beutel 500 gr.\" \/><span class=\"wpcf7-list-item-label\">Linsen-Pardina-Beutel 500 gr.<\/span><\/label><\/span><span class=\"wpcf7-list-item\"><label><input type=\"checkbox\" name=\"LEGUMBRES[]\" value=\"Pardina-Linsenbeutel 10 kg.\" \/><span class=\"wpcf7-list-item-label\">Pardina-Linsenbeutel 10 kg.<\/span><\/label><\/span><span class=\"wpcf7-list-item\"><label><input type=\"checkbox\" name=\"LEGUMBRES[]\" value=\"Pardina-Linsenbeutel 25 kg.\" \/><span class=\"wpcf7-list-item-label\">Pardina-Linsenbeutel 25 kg.<\/span><\/label><\/span><span class=\"wpcf7-list-item\"><label><input type=\"checkbox\" name=\"LEGUMBRES[]\" value=\"Pardina-Linsenkonserven im Glas 425 g\" \/><span class=\"wpcf7-list-item-label\">Pardina-Linsenkonserven im Glas 425 g<\/span><\/label><\/span><span class=\"wpcf7-list-item\"><label><input type=\"checkbox\" name=\"LEGUMBRES[]\" value=\"Kichererbsen im Beutel 500 g.\" \/><span class=\"wpcf7-list-item-label\">Kichererbsen im Beutel 500 g.<\/span><\/label><\/span><span class=\"wpcf7-list-item\"><label><input type=\"checkbox\" name=\"LEGUMBRES[]\" value=\"Ich packe 10 kg Kichererbsen ein.\" \/><span class=\"wpcf7-list-item-label\">Ich packe 10 kg Kichererbsen ein.<\/span><\/label><\/span><span class=\"wpcf7-list-item\"><label><input type=\"checkbox\" name=\"LEGUMBRES[]\" value=\"Kichererbsen, ich sacke 25 kg ein.\" \/><span class=\"wpcf7-list-item-label\">Kichererbsen, ich sacke 25 kg ein.<\/span><\/label><\/span><span class=\"wpcf7-list-item\"><label><input type=\"checkbox\" name=\"LEGUMBRES[]\" value=\"Kichererbsen in Dosen im Glas 425 Gramm.\" \/><span class=\"wpcf7-list-item-label\">Kichererbsen in Dosen im Glas 425 Gramm.<\/span><\/label><\/span><span class=\"wpcf7-list-item\"><label><input type=\"checkbox\" name=\"LEGUMBRES[]\" value=\"Wei\u00dfer Sitzsack 500 Gramm.\" \/><span class=\"wpcf7-list-item-label\">Wei\u00dfer Sitzsack 500 Gramm.<\/span><\/label><\/span><span class=\"wpcf7-list-item\"><label><input type=\"checkbox\" name=\"LEGUMBRES[]\" value=\"Wei\u00dfer Sitzsack 10 kg.\" \/><span class=\"wpcf7-list-item-label\">Wei\u00dfer Sitzsack 10 kg.<\/span><\/label><\/span><span class=\"wpcf7-list-item\"><label><input type=\"checkbox\" name=\"LEGUMBRES[]\" value=\"Wei\u00dfer Sitzsack 25 kg.\" \/><span class=\"wpcf7-list-item-label\">Wei\u00dfer Sitzsack 25 kg.<\/span><\/label><\/span><span class=\"wpcf7-list-item last\"><label><input type=\"checkbox\" name=\"LEGUMBRES[]\" value=\"Glas mit wei\u00dfen Bohnen in der Dose, 425 Gramm.\" \/><span class=\"wpcf7-list-item-label\">Glas mit wei\u00dfen Bohnen in der Dose, 425 Gramm.<\/span><\/label><\/span><\/span><\/span>\n<\/p>\n<p>PASTA <span class=\"wpcf7-form-control-wrap\" data-name=\"PASTA\"><span class=\"wpcf7-form-control wpcf7-checkbox wpcf7-validates-as-required\"><span class=\"wpcf7-list-item first\"><label><input type=\"checkbox\" name=\"PASTA[]\" value=\"Keine\" \/><span class=\"wpcf7-list-item-label\">Keine<\/span><\/label><\/span><span class=\"wpcf7-list-item\"><label><input type=\"checkbox\" name=\"PASTA[]\" value=\"Wei\u00dfe Spaghetti 500 g Beutel\" \/><span class=\"wpcf7-list-item-label\">Wei\u00dfe Spaghetti 500 g Beutel<\/span><\/label><\/span><span class=\"wpcf7-list-item\"><label><input type=\"checkbox\" name=\"PASTA[]\" value=\"Wei\u00dfe Spaghetti 5 kg Beutel.\" \/><span class=\"wpcf7-list-item-label\">Wei\u00dfe Spaghetti 5 kg Beutel.<\/span><\/label><\/span><span class=\"wpcf7-list-item\"><label><input type=\"checkbox\" name=\"PASTA[]\" value=\"Vollkornspaghetti, 500-Gramm-Beutel.\" \/><span class=\"wpcf7-list-item-label\">Vollkornspaghetti, 500-Gramm-Beutel.<\/span><\/label><\/span><span class=\"wpcf7-list-item\"><label><input type=\"checkbox\" name=\"PASTA[]\" value=\"Wei\u00dfe Engelshaar-Nudeln, Beutel 500 g\" \/><span class=\"wpcf7-list-item-label\">Wei\u00dfe Engelshaar-Nudeln, Beutel 500 g<\/span><\/label><\/span><span class=\"wpcf7-list-item\"><label><input type=\"checkbox\" name=\"PASTA[]\" value=\"Wei\u00dfe Engelshaar-Nudeln, Beutel 5 kg.\" \/><span class=\"wpcf7-list-item-label\">Wei\u00dfe Engelshaar-Nudeln, Beutel 5 kg.<\/span><\/label><\/span><span class=\"wpcf7-list-item\"><label><input type=\"checkbox\" name=\"PASTA[]\" value=\"Wei\u00dfer Macaron-Beutel mit 500 Gramm.\" \/><span class=\"wpcf7-list-item-label\">Wei\u00dfer Macaron-Beutel mit 500 Gramm.<\/span><\/label><\/span><span class=\"wpcf7-list-item\"><label><input type=\"checkbox\" name=\"PASTA[]\" value=\"Wei\u00dfer Macaron-Beutel 5 kg.\" \/><span class=\"wpcf7-list-item-label\">Wei\u00dfer Macaron-Beutel 5 kg.<\/span><\/label><\/span><span class=\"wpcf7-list-item\"><label><input type=\"checkbox\" name=\"PASTA[]\" value=\"Vollkornmakkaroni Beutel 500 Gramm.\" \/><span class=\"wpcf7-list-item-label\">Vollkornmakkaroni Beutel 500 Gramm.<\/span><\/label><\/span><span class=\"wpcf7-list-item last\"><label><input type=\"checkbox\" name=\"PASTA[]\" value=\"Integralspirale 500-Gramm-Beutel.\" \/><span class=\"wpcf7-list-item-label\">Integralspirale 500-Gramm-Beutel.<\/span><\/label><\/span><\/span><\/span>\n<\/p>\n<p>WEIN <span class=\"wpcf7-form-control-wrap\" data-name=\"VINO\"><span class=\"wpcf7-form-control wpcf7-checkbox wpcf7-validates-as-required\"><span class=\"wpcf7-list-item first\"><label><input type=\"checkbox\" name=\"VINO[]\" value=\"Keine\" \/><span class=\"wpcf7-list-item-label\">Keine<\/span><\/label><\/span><span class=\"wpcf7-list-item\"><label><input type=\"checkbox\" name=\"VINO[]\" value=\"Sardonillo-Wein\" \/><span class=\"wpcf7-list-item-label\">Sardonillo-Wein<\/span><\/label><\/span><span class=\"wpcf7-list-item\"><label><input type=\"checkbox\" name=\"VINO[]\" value=\"Sardonillo-Ros\u00e9wein\" \/><span class=\"wpcf7-list-item-label\">Sardonillo-Ros\u00e9wein<\/span><\/label><\/span><span class=\"wpcf7-list-item last\"><label><input type=\"checkbox\" name=\"VINO[]\" value=\"Ecol\u00e9cera-Wein\" \/><span class=\"wpcf7-list-item-label\">Ecol\u00e9cera-Wein<\/span><\/label><\/span><\/span><\/span>\n<\/p>\n<p>Ihr Name<br \/>\n<span class=\"wpcf7-form-control-wrap\" data-name=\"your-name\"><input size=\"40\" maxlength=\"400\" class=\"wpcf7-form-control wpcf7-text wpcf7-validates-as-required\" aria-required=\"true\" aria-invalid=\"false\" value=\"\" type=\"text\" name=\"your-name\" \/><\/span>\n<\/p>\n<p><label> Ihre E-Mail Adresse<br \/>\n<span class=\"wpcf7-form-control-wrap\" data-name=\"your-email\"><input size=\"40\" maxlength=\"400\" class=\"wpcf7-form-control wpcf7-email wpcf7-validates-as-required wpcf7-text wpcf7-validates-as-email\" aria-required=\"true\" aria-invalid=\"false\" value=\"\" type=\"email\" name=\"your-email\" \/><\/span> <\/label>\n<\/p>\n<p><label> Thema<br \/>\n<span class=\"wpcf7-form-control-wrap\" data-name=\"your-subject\"><input size=\"40\" maxlength=\"400\" class=\"wpcf7-form-control wpcf7-text wpcf7-validates-as-required\" aria-required=\"true\" aria-invalid=\"false\" value=\"\" type=\"text\" name=\"your-subject\" \/><\/span> <\/label>\n<\/p>\n<p><label> Ihre Nachricht (optional)<br \/>\n<span class=\"wpcf7-form-control-wrap\" data-name=\"your-message\"><textarea cols=\"40\" rows=\"10\" maxlength=\"2000\" class=\"wpcf7-form-control wpcf7-textarea\" aria-invalid=\"false\" name=\"your-message\"><\/textarea><\/span> <\/label>\n<\/p>\n<p>Achtung: Das Plugin <a href=\"https:\/\/wordpress.org\/plugins\/really-simple-captcha\/\">Really Simple CAPTCHA<\/a> ist gerade nicht aktiv.<span class=\"wpcf7-form-control-wrap\" data-name=\"captcha-1\"><input size=\"40\" class=\"wpcf7-form-control wpcf7-captchar\" autocomplete=\"off\" aria-invalid=\"false\" value=\"\" type=\"text\" name=\"captcha-1\" \/><\/span>\n<\/p>\n<p><input class=\"wpcf7-form-control wpcf7-submit has-spinner\" type=\"submit\" value=\"Absenden\" \/>\n<\/p><div class=\"wpcf7-response-output\" aria-hidden=\"true\"><\/div>\n<\/form>\n<\/div>\n<\/div>\t\t\t\t<\/div>\n\t\t\t\t<\/div>\n\t\t\t\t\t<\/div>\n\t\t<\/div>\n\t\t\t\t<div class=\"elementor-column elementor-col-50 elementor-top-column elementor-element elementor-element-156e943\" data-id=\"156e943\" data-element_type=\"column\" data-e-type=\"column\" data-settings=\"{&quot;background_background&quot;:&quot;classic&quot;}\">\n\t\t\t<div class=\"elementor-widget-wrap elementor-element-populated\">\n\t\t\t\t\t\t<div class=\"elementor-element elementor-element-c10328f elementor-arrows-position-inside elementor-pagination-position-outside elementor-widget elementor-widget-image-carousel\" data-id=\"c10328f\" data-element_type=\"widget\" data-e-type=\"widget\" data-settings=\"{&quot;slides_to_show&quot;:&quot;1&quot;,&quot;navigation&quot;:&quot;both&quot;,&quot;autoplay&quot;:&quot;yes&quot;,&quot;pause_on_hover&quot;:&quot;yes&quot;,&quot;pause_on_interaction&quot;:&quot;yes&quot;,&quot;autoplay_speed&quot;:5000,&quot;infinite&quot;:&quot;yes&quot;,&quot;effect&quot;:&quot;slide&quot;,&quot;speed&quot;:500}\" data-widget_type=\"image-carousel.default\">\n\t\t\t\t<div class=\"elementor-widget-container\">\n\t\t\t\t\t\t\t<div class=\"elementor-image-carousel-wrapper swiper\" role=\"region\" aria-roledescription=\"carousel\" aria-label=\"Bild Karussell\" dir=\"ltr\">\n\t\t\t<div class=\"elementor-image-carousel swiper-wrapper\" aria-live=\"off\">\n\t\t\t\t\t\t\t\t<div class=\"swiper-slide\" role=\"group\" aria-roledescription=\"slide\" aria-label=\"1 von 4\"><figure class=\"swiper-slide-inner\"><img decoding=\"async\" class=\"swiper-slide-image\" src=\"https:\/\/www.ecolecera.com\/wp-content\/uploads\/2022\/10\/Ecolecera_1592_.jpg\" alt=\"Ecolecera-pasta-espirales-integrales-tienda-ecologica-zaragoza\" \/><\/figure><\/div><div class=\"swiper-slide\" role=\"group\" aria-roledescription=\"slide\" aria-label=\"2 von 4\"><figure class=\"swiper-slide-inner\"><img decoding=\"async\" class=\"swiper-slide-image\" src=\"https:\/\/www.ecolecera.com\/wp-content\/uploads\/2022\/10\/Ecolecera_1599_.jpg\" alt=\"Ecolecera-Judia-blanca-tienda-ecologica-zaragoza\" \/><\/figure><\/div><div class=\"swiper-slide\" role=\"group\" aria-roledescription=\"slide\" aria-label=\"3 von 4\"><figure class=\"swiper-slide-inner\"><img decoding=\"async\" class=\"swiper-slide-image\" src=\"https:\/\/www.ecolecera.com\/wp-content\/uploads\/2022\/10\/Ecolecera_1639_.jpg\" alt=\"Ecolecera-legumbres-tienda-ecologica-zaragoza-judia-blanca\" \/><\/figure><\/div><div class=\"swiper-slide\" role=\"group\" aria-roledescription=\"slide\" aria-label=\"4 von 4\"><figure class=\"swiper-slide-inner\"><img decoding=\"async\" class=\"swiper-slide-image\" src=\"https:\/\/www.ecolecera.com\/wp-content\/uploads\/2022\/10\/Fondo-1.jpg\" alt=\"Vino-ecolecera-ecolecera-tempradillo-sardinillo-sardinillo-rose-tienda-ecologica-zaragoza\" \/><\/figure><\/div>\t\t\t<\/div>\n\t\t\t\t\t\t\t\t\t\t\t\t<div class=\"elementor-swiper-button elementor-swiper-button-prev\" role=\"button\" tabindex=\"0\">\n\t\t\t\t\t\t<i aria-hidden=\"true\" class=\"eicon-chevron-left\"><\/i>\t\t\t\t\t<\/div>\n\t\t\t\t\t<div class=\"elementor-swiper-button elementor-swiper-button-next\" role=\"button\" tabindex=\"0\">\n\t\t\t\t\t\t<i aria-hidden=\"true\" class=\"eicon-chevron-right\"><\/i>\t\t\t\t\t<\/div>\n\t\t\t\t\n\t\t\t\t\t\t\t\t\t<div class=\"swiper-pagination\"><\/div>\n\t\t\t\t\t\t\t\t\t<\/div>\n\t\t\t\t\t\t<\/div>\n\t\t\t\t<\/div>\n\t\t\t\t\t<\/div>\n\t\t<\/div>\n\t\t\t\t\t<\/div>\n\t\t<\/section>\n\t\t\t\t<section class=\"elementor-section elementor-top-section elementor-element elementor-element-93bdf35 elementor-section-boxed elementor-section-height-default elementor-section-height-default\" data-id=\"93bdf35\" data-element_type=\"section\" data-e-type=\"section\">\n\t\t\t\t\t\t<div class=\"elementor-container elementor-column-gap-default\">\n\t\t\t\t\t<div class=\"elementor-column elementor-col-100 elementor-top-column elementor-element elementor-element-c989ef2\" data-id=\"c989ef2\" data-element_type=\"column\" data-e-type=\"column\">\n\t\t\t<div class=\"elementor-widget-wrap\">\n\t\t\t\t\t\t\t<\/div>\n\t\t<\/div>\n\t\t\t\t\t<\/div>\n\t\t<\/section>\n\t\t\t\t<\/div>\n\t\t","protected":false},"excerpt":{"rendered":"<p>Ich interessiere mich f\u00fcr das Produkt: GETREIDE KeineWei\u00dfer Reis, 500-Gramm-Beutel.Wei\u00dfer Reisbeutel 10 kgWei\u00dfer Reisbeutel 25 kg.Voller brauner Reis, 500-Gramm-BeutelGanzer brauner Reis, 10-kg-BeutelBrauner Reis Sack 25 kg. H\u00dcLSENFR\u00dcCHTE KeineLinsen-Pardina-Beutel 500 gr.Pardina-Linsenbeutel 10 kg.Pardina-Linsenbeutel 25 kg.Pardina-Linsenkonserven im Glas 425 gKichererbsen im Beutel 500 g.Ich packe 10 kg Kichererbsen ein.Kichererbsen, ich sacke 25 kg ein.Kichererbsen in Dosen im [&hellip;]<\/p>\n","protected":false},"author":1,"featured_media":0,"parent":0,"menu_order":0,"comment_status":"closed","ping_status":"closed","template":"","meta":{"om_disable_all_campaigns":false,"_monsterinsights_skip_tracking":false,"_monsterinsights_sitenote_active":false,"_monsterinsights_sitenote_note":"","_monsterinsights_sitenote_category":0,"footnotes":""},"class_list":["post-4162","page","type-page","status-publish","hentry"],"aioseo_notices":[],"yoast_head":"<!-- This site is optimized with the Yoast SEO plugin v24.7 - https:\/\/yoast.com\/wordpress\/plugins\/seo\/ -->\n<title>SHOP FORM - Ecolecera<\/title>\n<meta name=\"robots\" content=\"index, follow, max-snippet:-1, max-image-preview:large, max-video-preview:-1\" \/>\n<link rel=\"canonical\" href=\"https:\/\/www.ecolecera.com\/de\/shop-form\/\" \/>\n<meta property=\"og:locale\" content=\"de_DE\" \/>\n<meta property=\"og:type\" content=\"article\" \/>\n<meta property=\"og:title\" content=\"SHOP FORM - Ecolecera\" \/>\n<meta property=\"og:description\" content=\"Ich interessiere mich f\u00fcr das Produkt: GETREIDE KeineWei\u00dfer Reis, 500-Gramm-Beutel.Wei\u00dfer Reisbeutel 10 kgWei\u00dfer Reisbeutel 25 kg.Voller brauner Reis, 500-Gramm-BeutelGanzer brauner Reis, 10-kg-BeutelBrauner Reis Sack 25 kg. H\u00dcLSENFR\u00dcCHTE KeineLinsen-Pardina-Beutel 500 gr.Pardina-Linsenbeutel 10 kg.Pardina-Linsenbeutel 25 kg.Pardina-Linsenkonserven im Glas 425 gKichererbsen im Beutel 500 g.Ich packe 10 kg Kichererbsen ein.Kichererbsen, ich sacke 25 kg ein.Kichererbsen in Dosen im [&hellip;]\" \/>\n<meta property=\"og:url\" content=\"https:\/\/www.ecolecera.com\/de\/shop-form\/\" \/>\n<meta property=\"og:site_name\" content=\"Ecolecera\" \/>\n<meta property=\"article:modified_time\" content=\"2024-01-12T11:15:50+00:00\" \/>\n<meta property=\"og:image\" content=\"https:\/\/www.ecolecera.com\/wp-content\/uploads\/2022\/10\/Ecolecera_1592_.jpg\" \/>\n<script type=\"application\/ld+json\" class=\"yoast-schema-graph\">{\"@context\":\"https:\/\/schema.org\",\"@graph\":[{\"@type\":\"WebPage\",\"@id\":\"https:\/\/www.ecolecera.com\/de\/shop-form\/\",\"url\":\"https:\/\/www.ecolecera.com\/de\/shop-form\/\",\"name\":\"SHOP FORM - Ecolecera\",\"isPartOf\":{\"@id\":\"https:\/\/www.ecolecera.com\/de\/#website\"},\"primaryImageOfPage\":{\"@id\":\"https:\/\/www.ecolecera.com\/de\/shop-form\/#primaryimage\"},\"image\":{\"@id\":\"https:\/\/www.ecolecera.com\/de\/shop-form\/#primaryimage\"},\"thumbnailUrl\":\"https:\/\/www.ecolecera.com\/wp-content\/uploads\/2022\/10\/Ecolecera_1592_.jpg\",\"datePublished\":\"2022-10-26T05:19:19+00:00\",\"dateModified\":\"2024-01-12T11:15:50+00:00\",\"breadcrumb\":{\"@id\":\"https:\/\/www.ecolecera.com\/de\/shop-form\/#breadcrumb\"},\"inLanguage\":\"de\",\"potentialAction\":[{\"@type\":\"ReadAction\",\"target\":[\"https:\/\/www.ecolecera.com\/de\/shop-form\/\"]}]},{\"@type\":\"ImageObject\",\"inLanguage\":\"de\",\"@id\":\"https:\/\/www.ecolecera.com\/de\/shop-form\/#primaryimage\",\"url\":\"https:\/\/www.ecolecera.com\/wp-content\/uploads\/2022\/10\/Ecolecera_1592_.jpg\",\"contentUrl\":\"https:\/\/www.ecolecera.com\/wp-content\/uploads\/2022\/10\/Ecolecera_1592_.jpg\"},{\"@type\":\"BreadcrumbList\",\"@id\":\"https:\/\/www.ecolecera.com\/de\/shop-form\/#breadcrumb\",\"itemListElement\":[{\"@type\":\"ListItem\",\"position\":1,\"name\":\"Portada\",\"item\":\"https:\/\/www.ecolecera.com\/de\/startseite\/\"},{\"@type\":\"ListItem\",\"position\":2,\"name\":\"SHOP FORM\"}]},{\"@type\":\"WebSite\",\"@id\":\"https:\/\/www.ecolecera.com\/de\/#website\",\"url\":\"https:\/\/www.ecolecera.com\/de\/\",\"name\":\"Ecolecera\",\"description\":\"Agricultura ecol\u00f3gica\",\"potentialAction\":[{\"@type\":\"SearchAction\",\"target\":{\"@type\":\"EntryPoint\",\"urlTemplate\":\"https:\/\/www.ecolecera.com\/de\/?s={search_term_string}\"},\"query-input\":{\"@type\":\"PropertyValueSpecification\",\"valueRequired\":true,\"valueName\":\"search_term_string\"}}],\"inLanguage\":\"de\"}]}<\/script>\n<!-- \/ Yoast SEO plugin. -->","yoast_head_json":{"title":"SHOP FORM - Ecolecera","robots":{"index":"index","follow":"follow","max-snippet":"max-snippet:-1","max-image-preview":"max-image-preview:large","max-video-preview":"max-video-preview:-1"},"canonical":"https:\/\/www.ecolecera.com\/de\/shop-form\/","og_locale":"de_DE","og_type":"article","og_title":"SHOP FORM - Ecolecera","og_description":"Ich interessiere mich f\u00fcr das Produkt: GETREIDE KeineWei\u00dfer Reis, 500-Gramm-Beutel.Wei\u00dfer Reisbeutel 10 kgWei\u00dfer Reisbeutel 25 kg.Voller brauner Reis, 500-Gramm-BeutelGanzer brauner Reis, 10-kg-BeutelBrauner Reis Sack 25 kg. H\u00dcLSENFR\u00dcCHTE KeineLinsen-Pardina-Beutel 500 gr.Pardina-Linsenbeutel 10 kg.Pardina-Linsenbeutel 25 kg.Pardina-Linsenkonserven im Glas 425 gKichererbsen im Beutel 500 g.Ich packe 10 kg Kichererbsen ein.Kichererbsen, ich sacke 25 kg ein.Kichererbsen in Dosen im [&hellip;]","og_url":"https:\/\/www.ecolecera.com\/de\/shop-form\/","og_site_name":"Ecolecera","article_modified_time":"2024-01-12T11:15:50+00:00","og_image":[{"url":"https:\/\/www.ecolecera.com\/wp-content\/uploads\/2022\/10\/Ecolecera_1592_.jpg","type":"","width":"","height":""}],"schema":{"@context":"https:\/\/schema.org","@graph":[{"@type":"WebPage","@id":"https:\/\/www.ecolecera.com\/de\/shop-form\/","url":"https:\/\/www.ecolecera.com\/de\/shop-form\/","name":"SHOP FORM - Ecolecera","isPartOf":{"@id":"https:\/\/www.ecolecera.com\/de\/#website"},"primaryImageOfPage":{"@id":"https:\/\/www.ecolecera.com\/de\/shop-form\/#primaryimage"},"image":{"@id":"https:\/\/www.ecolecera.com\/de\/shop-form\/#primaryimage"},"thumbnailUrl":"https:\/\/www.ecolecera.com\/wp-content\/uploads\/2022\/10\/Ecolecera_1592_.jpg","datePublished":"2022-10-26T05:19:19+00:00","dateModified":"2024-01-12T11:15:50+00:00","breadcrumb":{"@id":"https:\/\/www.ecolecera.com\/de\/shop-form\/#breadcrumb"},"inLanguage":"de","potentialAction":[{"@type":"ReadAction","target":["https:\/\/www.ecolecera.com\/de\/shop-form\/"]}]},{"@type":"ImageObject","inLanguage":"de","@id":"https:\/\/www.ecolecera.com\/de\/shop-form\/#primaryimage","url":"https:\/\/www.ecolecera.com\/wp-content\/uploads\/2022\/10\/Ecolecera_1592_.jpg","contentUrl":"https:\/\/www.ecolecera.com\/wp-content\/uploads\/2022\/10\/Ecolecera_1592_.jpg"},{"@type":"BreadcrumbList","@id":"https:\/\/www.ecolecera.com\/de\/shop-form\/#breadcrumb","itemListElement":[{"@type":"ListItem","position":1,"name":"Portada","item":"https:\/\/www.ecolecera.com\/de\/startseite\/"},{"@type":"ListItem","position":2,"name":"SHOP FORM"}]},{"@type":"WebSite","@id":"https:\/\/www.ecolecera.com\/de\/#website","url":"https:\/\/www.ecolecera.com\/de\/","name":"Ecolecera","description":"Agricultura ecol\u00f3gica","potentialAction":[{"@type":"SearchAction","target":{"@type":"EntryPoint","urlTemplate":"https:\/\/www.ecolecera.com\/de\/?s={search_term_string}"},"query-input":{"@type":"PropertyValueSpecification","valueRequired":true,"valueName":"search_term_string"}}],"inLanguage":"de"}]}},"_links":{"self":[{"href":"https:\/\/www.ecolecera.com\/de\/wp-json\/wp\/v2\/pages\/4162","targetHints":{"allow":["GET"]}}],"collection":[{"href":"https:\/\/www.ecolecera.com\/de\/wp-json\/wp\/v2\/pages"}],"about":[{"href":"https:\/\/www.ecolecera.com\/de\/wp-json\/wp\/v2\/types\/page"}],"author":[{"embeddable":true,"href":"https:\/\/www.ecolecera.com\/de\/wp-json\/wp\/v2\/users\/1"}],"replies":[{"embeddable":true,"href":"https:\/\/www.ecolecera.com\/de\/wp-json\/wp\/v2\/comments?post=4162"}],"version-history":[{"count":16,"href":"https:\/\/www.ecolecera.com\/de\/wp-json\/wp\/v2\/pages\/4162\/revisions"}],"predecessor-version":[{"id":4408,"href":"https:\/\/www.ecolecera.com\/de\/wp-json\/wp\/v2\/pages\/4162\/revisions\/4408"}],"wp:attachment":[{"href":"https:\/\/www.ecolecera.com\/de\/wp-json\/wp\/v2\/media?parent=4162"}],"curies":[{"name":"wp","href":"https:\/\/api.w.org\/{rel}","templated":true}]}}