{"id":4147,"date":"2022-10-04T07:33:07","date_gmt":"2022-10-04T07:33:07","guid":{"rendered":"https:\/\/www.ecolecera.com\/rechtlicher-hinweis\/"},"modified":"2024-01-03T12:42:03","modified_gmt":"2024-01-03T12:42:03","slug":"rechtlicher-hinweis","status":"publish","type":"page","link":"https:\/\/www.ecolecera.com\/de\/rechtlicher-hinweis\/","title":{"rendered":"Rechtlicher Hinweis"},"content":{"rendered":"\t\t<div data-elementor-type=\"wp-page\" data-elementor-id=\"4147\" class=\"elementor elementor-4147 elementor-3479\">\n\t\t\t\t\t\t<section class=\"elementor-section elementor-top-section elementor-element elementor-element-da03870 elementor-section-boxed elementor-section-height-default elementor-section-height-default\" data-id=\"da03870\" data-element_type=\"section\">\n\t\t\t\t\t\t<div class=\"elementor-container elementor-column-gap-default\">\n\t\t\t\t\t<div class=\"elementor-column elementor-col-100 elementor-top-column elementor-element elementor-element-d81ed37\" data-id=\"d81ed37\" data-element_type=\"column\">\n\t\t\t<div class=\"elementor-widget-wrap elementor-element-populated\">\n\t\t\t\t\t\t<div class=\"elementor-element elementor-element-5b18575 elementor-widget elementor-widget-text-editor\" data-id=\"5b18575\" data-element_type=\"widget\" data-widget_type=\"text-editor.default\">\n\t\t\t\t<div class=\"elementor-widget-container\">\n\t\t\t\t\t\t\t\t\t<p>Dieser rechtliche Hinweis regelt die Nutzung des Internetportal-Dienstes.<span> <\/span><strong>www.ecolecera.com,<\/strong> die Ecol\u00e9cera Agricultura Ecol\u00f3gica S.L. den Internetnutzern zur Verf\u00fcgung stellt. Das oben genannte Unternehmen hat seinen Sitz in L\u00e9cera (Zaragoza), Calle Alta n\u00ba 44 und ist mit dem C.I.F. B-50971837 versehen und im Handelsregister von Zaragoza, Band 2.951, eingetragen. Sektion. 8.\u00aa Folio 69 Blatt Z-3.379 Buch 0 Insc 1.\u00aa.<\/p>\n<p>Der Nutzer verpflichtet sich, das Portal und die Dienste in \u00dcbereinstimmung mit dem Gesetz, diesem rechtlichen Hinweis, den allgemein anerkannten guten Sitten und der \u00f6ffentlichen Ordnung zu nutzen. Der Zweck dieser Website besteht darin, dem Benutzer Informationen \u00fcber die von Ecol\u00e9cera Agricultura Ecol\u00e9cera angebotenen Produkte zur Verf\u00fcgung zu stellen. Der Benutzer ist nicht befugt, diese ohne vorherige Genehmigung zu \u00e4ndern, zu kopieren, zu verteilen, zu \u00fcbertragen, zu verbreiten, zu nutzen, zu reproduzieren, zu ver\u00f6ffentlichen, zu lizenzieren, abzutreten, zu verkaufen oder davon abgeleitete Werke zu verkaufen.<\/p>\n<p>Der einzige Zweck der Einrichtung von Links zu Websites, die von Dritten verwaltet werden, besteht darin, den Nutzern Zugang zu den im Internet verf\u00fcgbaren Informationen, Inhalten und Dienstleistungen zu verschaffen. Wir k\u00f6nnen keine Verantwortung f\u00fcr die darin enthaltenen Informationen \u00fcbernehmen, verpflichten uns aber, Links zu entfernen, wenn wir Kenntnis von rechtswidrigen oder die Rechte Dritter verletzenden Inhalten erhalten.<\/p>\n<p>Die auf dieser Website enthaltenen Informationen k\u00f6nnen Druckfehler, Ungenauigkeiten und Unrichtigkeiten enthalten, die sofort nach ihrer Entdeckung berichtigt werden, ohne dass dies zu einer Haftung f\u00fchrt.<br \/>Major.<\/p>\n<p>Ecolecera Agricultura Ecol\u00f3gica ist Inhaberin der Rechte am geistigen Eigentum, die sich aus den Elementen ihrer Website ergeben, oder verf\u00fcgt \u00fcber die entsprechende Genehmigung f\u00fcr deren Nutzung. In diesem Portal achten wir sehr auf die Rechte des geistigen Eigentums, daher sind alle Fotos Eigentum des Unternehmens oder wurden mit der ausdr\u00fccklichen Zustimmung des Eigent\u00fcmers gew\u00e4hrt.<\/p>\n<p>Das Unternehmen beh\u00e4lt sich das Recht vor, die Bedingungen und Mitteilungen, auf denen diese Website beruht, unter Beachtung der geltenden gesetzlichen Bestimmungen zu \u00e4ndern.<\/p>\n<p>Im Allgemeinen unterliegen die Beziehungen, die sich aus der Erbringung der auf der Website enthaltenen Dienstleistungen ergeben, der spanischen Gesetzgebung und Rechtsprechung.<\/p>\n\t\t\t\t\t\t\t\t<\/div>\n\t\t\t\t<\/div>\n\t\t\t\t\t<\/div>\n\t\t<\/div>\n\t\t\t\t\t<\/div>\n\t\t<\/section>\n\t\t\t\t<\/div>\n\t\t","protected":false},"excerpt":{"rendered":"<p>Dieser rechtliche Hinweis regelt die Nutzung des Internetportal-Dienstes. www.ecolecera.com, die Ecol\u00e9cera Agricultura Ecol\u00f3gica S.L. den Internetnutzern zur Verf\u00fcgung stellt. Das oben genannte Unternehmen hat seinen Sitz in L\u00e9cera (Zaragoza), Calle Alta n\u00ba 44 und ist mit dem C.I.F. B-50971837 versehen und im Handelsregister von Zaragoza, Band 2.951, eingetragen. Sektion. 8.\u00aa Folio 69 Blatt Z-3.379 Buch [&hellip;]<\/p>\n","protected":false},"author":1,"featured_media":0,"parent":0,"menu_order":0,"comment_status":"closed","ping_status":"closed","template":"","meta":{"om_disable_all_campaigns":false,"_monsterinsights_skip_tracking":false,"_monsterinsights_sitenote_active":false,"_monsterinsights_sitenote_note":"","_monsterinsights_sitenote_category":0,"footnotes":""},"class_list":["post-4147","page","type-page","status-publish","hentry"],"aioseo_notices":[],"yoast_head":"<!-- This site is optimized with the Yoast SEO plugin v24.7 - https:\/\/yoast.com\/wordpress\/plugins\/seo\/ -->\n<title>Rechtlicher Hinweis - Ecolecera<\/title>\n<meta name=\"robots\" content=\"index, follow, max-snippet:-1, max-image-preview:large, max-video-preview:-1\" \/>\n<link rel=\"canonical\" href=\"https:\/\/www.ecolecera.com\/de\/rechtlicher-hinweis\/\" \/>\n<meta property=\"og:locale\" content=\"de_DE\" \/>\n<meta property=\"og:type\" content=\"article\" \/>\n<meta property=\"og:title\" content=\"Rechtlicher Hinweis - Ecolecera\" \/>\n<meta property=\"og:description\" content=\"Dieser rechtliche Hinweis regelt die Nutzung des Internetportal-Dienstes. www.ecolecera.com, die Ecol\u00e9cera Agricultura Ecol\u00f3gica S.L. den Internetnutzern zur Verf\u00fcgung stellt. Das oben genannte Unternehmen hat seinen Sitz in L\u00e9cera (Zaragoza), Calle Alta n\u00ba 44 und ist mit dem C.I.F. B-50971837 versehen und im Handelsregister von Zaragoza, Band 2.951, eingetragen. Sektion. 8.\u00aa Folio 69 Blatt Z-3.379 Buch [&hellip;]\" \/>\n<meta property=\"og:url\" content=\"https:\/\/www.ecolecera.com\/de\/rechtlicher-hinweis\/\" \/>\n<meta property=\"og:site_name\" content=\"Ecolecera\" \/>\n<meta property=\"article:modified_time\" content=\"2024-01-03T12:42:03+00:00\" \/>\n<script type=\"application\/ld+json\" class=\"yoast-schema-graph\">{\"@context\":\"https:\/\/schema.org\",\"@graph\":[{\"@type\":\"WebPage\",\"@id\":\"https:\/\/www.ecolecera.com\/de\/rechtlicher-hinweis\/\",\"url\":\"https:\/\/www.ecolecera.com\/de\/rechtlicher-hinweis\/\",\"name\":\"Rechtlicher Hinweis - Ecolecera\",\"isPartOf\":{\"@id\":\"https:\/\/www.ecolecera.com\/de\/#website\"},\"datePublished\":\"2022-10-04T07:33:07+00:00\",\"dateModified\":\"2024-01-03T12:42:03+00:00\",\"breadcrumb\":{\"@id\":\"https:\/\/www.ecolecera.com\/de\/rechtlicher-hinweis\/#breadcrumb\"},\"inLanguage\":\"de\",\"potentialAction\":[{\"@type\":\"ReadAction\",\"target\":[\"https:\/\/www.ecolecera.com\/de\/rechtlicher-hinweis\/\"]}]},{\"@type\":\"BreadcrumbList\",\"@id\":\"https:\/\/www.ecolecera.com\/de\/rechtlicher-hinweis\/#breadcrumb\",\"itemListElement\":[{\"@type\":\"ListItem\",\"position\":1,\"name\":\"Portada\",\"item\":\"https:\/\/www.ecolecera.com\/de\/startseite\/\"},{\"@type\":\"ListItem\",\"position\":2,\"name\":\"Rechtlicher Hinweis\"}]},{\"@type\":\"WebSite\",\"@id\":\"https:\/\/www.ecolecera.com\/de\/#website\",\"url\":\"https:\/\/www.ecolecera.com\/de\/\",\"name\":\"Ecolecera\",\"description\":\"Agricultura ecol\u00f3gica\",\"potentialAction\":[{\"@type\":\"SearchAction\",\"target\":{\"@type\":\"EntryPoint\",\"urlTemplate\":\"https:\/\/www.ecolecera.com\/de\/?s={search_term_string}\"},\"query-input\":{\"@type\":\"PropertyValueSpecification\",\"valueRequired\":true,\"valueName\":\"search_term_string\"}}],\"inLanguage\":\"de\"}]}<\/script>\n<!-- \/ Yoast SEO plugin. -->","yoast_head_json":{"title":"Rechtlicher Hinweis - Ecolecera","robots":{"index":"index","follow":"follow","max-snippet":"max-snippet:-1","max-image-preview":"max-image-preview:large","max-video-preview":"max-video-preview:-1"},"canonical":"https:\/\/www.ecolecera.com\/de\/rechtlicher-hinweis\/","og_locale":"de_DE","og_type":"article","og_title":"Rechtlicher Hinweis - Ecolecera","og_description":"Dieser rechtliche Hinweis regelt die Nutzung des Internetportal-Dienstes. www.ecolecera.com, die Ecol\u00e9cera Agricultura Ecol\u00f3gica S.L. den Internetnutzern zur Verf\u00fcgung stellt. Das oben genannte Unternehmen hat seinen Sitz in L\u00e9cera (Zaragoza), Calle Alta n\u00ba 44 und ist mit dem C.I.F. B-50971837 versehen und im Handelsregister von Zaragoza, Band 2.951, eingetragen. Sektion. 8.\u00aa Folio 69 Blatt Z-3.379 Buch [&hellip;]","og_url":"https:\/\/www.ecolecera.com\/de\/rechtlicher-hinweis\/","og_site_name":"Ecolecera","article_modified_time":"2024-01-03T12:42:03+00:00","schema":{"@context":"https:\/\/schema.org","@graph":[{"@type":"WebPage","@id":"https:\/\/www.ecolecera.com\/de\/rechtlicher-hinweis\/","url":"https:\/\/www.ecolecera.com\/de\/rechtlicher-hinweis\/","name":"Rechtlicher Hinweis - Ecolecera","isPartOf":{"@id":"https:\/\/www.ecolecera.com\/de\/#website"},"datePublished":"2022-10-04T07:33:07+00:00","dateModified":"2024-01-03T12:42:03+00:00","breadcrumb":{"@id":"https:\/\/www.ecolecera.com\/de\/rechtlicher-hinweis\/#breadcrumb"},"inLanguage":"de","potentialAction":[{"@type":"ReadAction","target":["https:\/\/www.ecolecera.com\/de\/rechtlicher-hinweis\/"]}]},{"@type":"BreadcrumbList","@id":"https:\/\/www.ecolecera.com\/de\/rechtlicher-hinweis\/#breadcrumb","itemListElement":[{"@type":"ListItem","position":1,"name":"Portada","item":"https:\/\/www.ecolecera.com\/de\/startseite\/"},{"@type":"ListItem","position":2,"name":"Rechtlicher Hinweis"}]},{"@type":"WebSite","@id":"https:\/\/www.ecolecera.com\/de\/#website","url":"https:\/\/www.ecolecera.com\/de\/","name":"Ecolecera","description":"Agricultura ecol\u00f3gica","potentialAction":[{"@type":"SearchAction","target":{"@type":"EntryPoint","urlTemplate":"https:\/\/www.ecolecera.com\/de\/?s={search_term_string}"},"query-input":{"@type":"PropertyValueSpecification","valueRequired":true,"valueName":"search_term_string"}}],"inLanguage":"de"}]}},"_links":{"self":[{"href":"https:\/\/www.ecolecera.com\/de\/wp-json\/wp\/v2\/pages\/4147","targetHints":{"allow":["GET"]}}],"collection":[{"href":"https:\/\/www.ecolecera.com\/de\/wp-json\/wp\/v2\/pages"}],"about":[{"href":"https:\/\/www.ecolecera.com\/de\/wp-json\/wp\/v2\/types\/page"}],"author":[{"embeddable":true,"href":"https:\/\/www.ecolecera.com\/de\/wp-json\/wp\/v2\/users\/1"}],"replies":[{"embeddable":true,"href":"https:\/\/www.ecolecera.com\/de\/wp-json\/wp\/v2\/comments?post=4147"}],"version-history":[{"count":1,"href":"https:\/\/www.ecolecera.com\/de\/wp-json\/wp\/v2\/pages\/4147\/revisions"}],"predecessor-version":[{"id":4152,"href":"https:\/\/www.ecolecera.com\/de\/wp-json\/wp\/v2\/pages\/4147\/revisions\/4152"}],"wp:attachment":[{"href":"https:\/\/www.ecolecera.com\/de\/wp-json\/wp\/v2\/media?parent=4147"}],"curies":[{"name":"wp","href":"https:\/\/api.w.org\/{rel}","templated":true}]}}